{"id":421,"date":"2019-04-05T05:02:36","date_gmt":"2019-04-05T05:02:36","guid":{"rendered":"https:\/\/victorthemes.com\/themes\/windfall\/?page_id=421"},"modified":"2025-05-14T15:45:03","modified_gmt":"2025-05-14T13:45:03","slug":"tjanster","status":"publish","type":"page","link":"https:\/\/elektrikarngranna.se\/index.php\/tjanster\/","title":{"rendered":"TJ\u00c4NSTER"},"content":{"rendered":"\t\t<div data-elementor-type=\"wp-post\" data-elementor-id=\"421\" class=\"elementor elementor-421\">\n\t\t\t\t\t\t<section class=\"elementor-section elementor-top-section elementor-element elementor-element-3ff9b7f elementor-section-boxed elementor-section-height-default elementor-section-height-default\" data-id=\"3ff9b7f\" data-element_type=\"section\">\n\t\t\t\t\t\t<div class=\"elementor-container elementor-column-gap-default\">\n\t\t\t\t\t<div class=\"elementor-column elementor-col-100 elementor-top-column elementor-element elementor-element-eadec48\" data-id=\"eadec48\" data-element_type=\"column\">\n\t\t\t<div class=\"elementor-widget-wrap elementor-element-populated\">\n\t\t\t\t\t\t<div class=\"elementor-element elementor-element-933b288 elementor-widget elementor-widget-vt-windfall_section_title\" data-id=\"933b288\" data-element_type=\"widget\" data-widget_type=\"vt-windfall_section_title.default\">\n\t\t\t\t<div class=\"elementor-widget-container\">\n\t\t\t\t\t<div class=\"section-title-wrap  wndfal-sectTitleElementor \"><h2 class=\"section-title\">V\u00e5ra tj\u00e4nster<\/h2><p>H\u00e4r hittar du exempel p\u00e5 vad vi kan hj\u00e4lpa dig med. Hittar du inte information om det du efters\u00f6ker, tveka inte att h\u00f6ra av dig till oss. \n\nVi hj\u00e4lper dig med allt som har med el att g\u00f6ra! V\u00e4lkommen! <\/p><\/div>\t\t\t\t<\/div>\n\t\t\t\t<\/div>\n\t\t\t\t\t<\/div>\n\t\t<\/div>\n\t\t\t\t\t<\/div>\n\t\t<\/section>\n\t\t\t\t<section class=\"elementor-section elementor-top-section elementor-element elementor-element-17100fe elementor-section-full_width elementor-section-height-default elementor-section-height-default\" data-id=\"17100fe\" data-element_type=\"section\">\n\t\t\t\t\t\t<div class=\"elementor-container elementor-column-gap-default\">\n\t\t\t\t\t<div class=\"elementor-column elementor-col-100 elementor-top-column elementor-element elementor-element-304d44a\" data-id=\"304d44a\" data-element_type=\"column\">\n\t\t\t<div class=\"elementor-widget-wrap elementor-element-populated\">\n\t\t\t\t\t\t<div class=\"elementor-element elementor-element-851ea74 elementor-widget elementor-widget-vt-windfall_offer\" data-id=\"851ea74\" data-element_type=\"widget\" data-widget_type=\"vt-windfall_offer.default\">\n\t\t\t\t<div class=\"elementor-widget-container\">\n\t\t\t\t\t<div class=\"wndfal-offers  offer-style-two\">\r\n  <div class=\"container\">\r\n    <div class=\"row\"><div class=\"col-lg-4 col-md-6\"><div class=\"item\">\r\n\t\t\t\t\t\t\t        <div class=\"offer-item\">\r\n\t\t\t\t\t\t\t          <a href=\"https:\/\/elektrikarngranna.se\/index.php\/service-single\/\"  ><div class=\"wndfal-image\"><img decoding=\"async\" src=\"https:\/\/elektrikarngranna.se\/wp-content\/uploads\/2025\/05\/elinstallationer-Elektrikarn-Granna-scaled-370x240.jpg\" alt=\"\"><\/div><\/a>\r\n\t\t\t\t\t\t\t          <div class=\"offer-info\">\r\n\t\t\t\t\t\t\t            <h4 class=\"offer-title\"><a href=\"https:\/\/elektrikarngranna.se\/index.php\/service-single\/\"  >Elinstallationer<\/a><\/h4><p>Hos Elektrikarn i Gr\u00e4nna erbjuder vi kompletta elinstallationer \u2013 fr\u00e5n sm\u00e5 justeringar i villan till fullst\u00e4ndiga eldragningar i nyproducerade bost\u00e4der och lokaler.<\/p><a href=\"https:\/\/elektrikarngranna.se\/index.php\/elinstallationer\/\"   class=\"wndfal-link\">L\u00e4s mer<i class=\"fa fa-angle-right\" aria-hidden=\"true\"><\/i><\/a>\r\n\t\t\t\t\t\t\t          <\/div>\r\n\t\t\t\t\t\t\t        <\/div>\r\n\t\t\t\t\t\t\t      <\/div><\/div><div class=\"col-lg-4 col-md-6\"><div class=\"item\">\r\n\t\t\t\t\t\t\t        <div class=\"offer-item\">\r\n\t\t\t\t\t\t\t          <a href=\"https:\/\/elektrikarngranna.se\/index.php\/laddboxar\/\"  ><div class=\"wndfal-image\"><img decoding=\"async\" src=\"https:\/\/elektrikarngranna.se\/wp-content\/uploads\/2025\/05\/Laddboxar-installation-Elektrikarn-Granna-scaled-370x240.jpg\" alt=\"\"><\/div><\/a>\r\n\t\t\t\t\t\t\t          <div class=\"offer-info\">\r\n\t\t\t\t\t\t\t            <h4 class=\"offer-title\"><a href=\"https:\/\/elektrikarngranna.se\/index.php\/laddboxar\/\"  >Laddboxar & Elbilsladdning<\/a><\/h4><p>Allt fler v\u00e4ljer elbil, och med en egen laddbox hemma blir laddningen b\u00e5de snabbare och s\u00e4krare. Vi installerar laddboxar f\u00f6r privatpersoner, bostadsr\u00e4ttsf\u00f6reningar och f\u00f6retag.<\/p><a href=\"https:\/\/elektrikarngranna.se\/index.php\/laddboxar\/\"   class=\"wndfal-link\">L\u00e4s mer<i class=\"fa fa-angle-right\" aria-hidden=\"true\"><\/i><\/a>\r\n\t\t\t\t\t\t\t          <\/div>\r\n\t\t\t\t\t\t\t        <\/div>\r\n\t\t\t\t\t\t\t      <\/div><\/div><div class=\"col-lg-4 col-md-6\"><div class=\"item\">\r\n\t\t\t\t\t\t\t        <div class=\"offer-item\">\r\n\t\t\t\t\t\t\t          <a href=\"https:\/\/elektrikarngranna.se\/index.php\/elservice-felsokning\/\"  ><div class=\"wndfal-image\"><img decoding=\"async\" src=\"https:\/\/elektrikarngranna.se\/wp-content\/uploads\/2019\/04\/blog7-370x240.png\" alt=\"\"><\/div><\/a>\r\n\t\t\t\t\t\t\t          <div class=\"offer-info\">\r\n\t\t\t\t\t\t\t            <h4 class=\"offer-title\"><a href=\"https:\/\/elektrikarngranna.se\/index.php\/elservice-felsokning\/\"  >Elservice & Fels\u00f6kning<\/a><\/h4><p>We provide impeccable safety assessments to both commercial and residential properties. Our adept and knowledgeable electricians.<\/p><a href=\"https:\/\/elektrikarngranna.se\/index.php\/elservice-felsokning\/\"   class=\"wndfal-link\">L\u00e4s mer<i class=\"fa fa-angle-right\" aria-hidden=\"true\"><\/i><\/a>\r\n\t\t\t\t\t\t\t          <\/div>\r\n\t\t\t\t\t\t\t        <\/div>\r\n\t\t\t\t\t\t\t      <\/div><\/div><div class=\"col-lg-4 col-md-6\"><div class=\"item\">\r\n\t\t\t\t\t\t\t        <div class=\"offer-item\">\r\n\t\t\t\t\t\t\t          <a href=\"https:\/\/elektrikarngranna.se\/index.php\/belysning\/\"  ><div class=\"wndfal-image\"><img decoding=\"async\" src=\"https:\/\/elektrikarngranna.se\/wp-content\/uploads\/2025\/05\/Belysning-Elektrikarn-Granna-Tjanster-370x240.jpg\" alt=\"\"><\/div><\/a>\r\n\t\t\t\t\t\t\t          <div class=\"offer-info\">\r\n\t\t\t\t\t\t\t            <h4 class=\"offer-title\"><a href=\"https:\/\/elektrikarngranna.se\/index.php\/belysning\/\"  >Belysning<\/a><\/h4><p>R\u00e4tt belysning lyfter b\u00e5de rum och fasader \u2013 och hos Elektrikarn i Gr\u00e4nna hj\u00e4lper vi dig att skapa exakt det ljus du beh\u00f6ver<\/p><a href=\"https:\/\/elektrikarngranna.se\/index.php\/belysning\/\"   class=\"wndfal-link\">L\u00e4s mer<i class=\"fa fa-angle-right\" aria-hidden=\"true\"><\/i><\/a>\r\n\t\t\t\t\t\t\t          <\/div>\r\n\t\t\t\t\t\t\t        <\/div>\r\n\t\t\t\t\t\t\t      <\/div><\/div><div class=\"col-lg-4 col-md-6\"><div class=\"item\">\r\n\t\t\t\t\t\t\t        <div class=\"offer-item\">\r\n\t\t\t\t\t\t\t          <a href=\"https:\/\/elektrikarngranna.se\/index.php\/renovering-ombyggnad\/\"  ><div class=\"wndfal-image\"><img decoding=\"async\" src=\"https:\/\/elektrikarngranna.se\/wp-content\/uploads\/2025\/05\/Renovering-Ombyggnationer-Elektrikarn-Granna-370x240.jpg\" alt=\"\"><\/div><\/a>\r\n\t\t\t\t\t\t\t          <div class=\"offer-info\">\r\n\t\t\t\t\t\t\t            <h4 class=\"offer-title\"><a href=\"https:\/\/elektrikarngranna.se\/index.php\/renovering-ombyggnad\/\"  >Renovering & Ombyggnad<\/a><\/h4><p>N\u00e4r du bygger om hemma \u2013 oavsett om det g\u00e4ller k\u00f6ket, badrummet eller hela huset \u2013 \u00e4r det viktigt att elen anpassas till dina nya behov. <\/p><a href=\"https:\/\/elektrikarngranna.se\/index.php\/renovering-ombyggnad\/\"   class=\"wndfal-link\">L\u00e4s mer<i class=\"fa fa-angle-right\" aria-hidden=\"true\"><\/i><\/a>\r\n\t\t\t\t\t\t\t          <\/div>\r\n\t\t\t\t\t\t\t        <\/div>\r\n\t\t\t\t\t\t\t      <\/div><\/div><div class=\"col-lg-4 col-md-6\"><div class=\"item\">\r\n\t\t\t\t\t\t\t        <div class=\"offer-item\">\r\n\t\t\t\t\t\t\t          <a href=\"https:\/\/elektrikarngranna.se\/index.php\/solceller-energilosningar\/\"  ><div class=\"wndfal-image\"><img decoding=\"async\" src=\"https:\/\/elektrikarngranna.se\/wp-content\/uploads\/2025\/05\/Solceller-Elektrikarn-Granna-370x240.jpg\" alt=\"Solceller Elektrikarn i Gr\u00e4nna\"><\/div><\/a>\r\n\t\t\t\t\t\t\t          <div class=\"offer-info\">\r\n\t\t\t\t\t\t\t            <h4 class=\"offer-title\"><a href=\"https:\/\/elektrikarngranna.se\/index.php\/solceller-energilosningar\/\"  >Solceller & Energil\u00f6sningar<\/a><\/h4><p>Planerar du att installera solceller? Elektrikarn i Gr\u00e4nna hj\u00e4lper dig med eldragning, inkoppling och anpassning av din elanl\u00e4ggning.<\/p><a href=\"https:\/\/elektrikarngranna.se\/index.php\/solceller-energilosningar\/\"   class=\"wndfal-link\">L\u00e4s mer<i class=\"fa fa-angle-right\" aria-hidden=\"true\"><\/i><\/a>\r\n\t\t\t\t\t\t\t          <\/div>\r\n\t\t\t\t\t\t\t        <\/div>\r\n\t\t\t\t\t\t\t      <\/div><\/div><\/div><\/div><\/div>\t\t\t\t<\/div>\n\t\t\t\t<\/div>\n\t\t\t\t\t<\/div>\n\t\t<\/div>\n\t\t\t\t\t<\/div>\n\t\t<\/section>\n\t\t\t\t<\/div>\n\t\t","protected":false},"excerpt":{"rendered":"V\u00e5ra tj\u00e4nster H\u00e4r hittar du exempel p\u00e5 vad vi kan hj\u00e4lpa dig med. Hittar du inte information om det du efters\u00f6ker, tveka inte att h\u00f6ra av dig till oss. Vi hj\u00e4lper dig med allt som har med el att g\u00f6ra! V\u00e4lkommen! Elinstallationer Hos Elektrikarn i Gr\u00e4nna erbjuder vi kompletta elinstallationer \u2013 fr\u00e5n sm\u00e5 justeringar i&#8230;","protected":false},"author":1,"featured_media":0,"parent":0,"menu_order":0,"comment_status":"closed","ping_status":"closed","template":"","meta":{"iawp_total_views":48,"footnotes":""},"class_list":["post-421","page","type-page","status-publish","hentry"],"_links":{"self":[{"href":"https:\/\/elektrikarngranna.se\/index.php\/wp-json\/wp\/v2\/pages\/421","targetHints":{"allow":["GET"]}}],"collection":[{"href":"https:\/\/elektrikarngranna.se\/index.php\/wp-json\/wp\/v2\/pages"}],"about":[{"href":"https:\/\/elektrikarngranna.se\/index.php\/wp-json\/wp\/v2\/types\/page"}],"author":[{"embeddable":true,"href":"https:\/\/elektrikarngranna.se\/index.php\/wp-json\/wp\/v2\/users\/1"}],"replies":[{"embeddable":true,"href":"https:\/\/elektrikarngranna.se\/index.php\/wp-json\/wp\/v2\/comments?post=421"}],"version-history":[{"count":77,"href":"https:\/\/elektrikarngranna.se\/index.php\/wp-json\/wp\/v2\/pages\/421\/revisions"}],"predecessor-version":[{"id":2151,"href":"https:\/\/elektrikarngranna.se\/index.php\/wp-json\/wp\/v2\/pages\/421\/revisions\/2151"}],"wp:attachment":[{"href":"https:\/\/elektrikarngranna.se\/index.php\/wp-json\/wp\/v2\/media?parent=421"}],"curies":[{"name":"wp","href":"https:\/\/api.w.org\/{rel}","templated":true}]}}