{"id":377,"date":"2019-04-04T10:01:49","date_gmt":"2019-04-04T10:01:49","guid":{"rendered":"https:\/\/victorthemes.com\/themes\/windfall\/?page_id=377"},"modified":"2025-05-19T14:26:18","modified_gmt":"2025-05-19T12:26:18","slug":"kontakt","status":"publish","type":"page","link":"https:\/\/elektrikarngranna.se\/index.php\/kontakt\/","title":{"rendered":"KONTAKT"},"content":{"rendered":"\t\t<div data-elementor-type=\"wp-post\" data-elementor-id=\"377\" class=\"elementor elementor-377\">\n\t\t\t\t\t\t<section class=\"elementor-section elementor-top-section elementor-element elementor-element-18045ec elementor-section-full_width elementor-section-height-default elementor-section-height-default\" data-id=\"18045ec\" data-element_type=\"section\">\n\t\t\t\t\t\t<div class=\"elementor-container elementor-column-gap-narrow\">\n\t\t\t\t\t<div class=\"elementor-column elementor-col-100 elementor-top-column elementor-element elementor-element-da2c3c9\" data-id=\"da2c3c9\" data-element_type=\"column\">\n\t\t\t<div class=\"elementor-widget-wrap elementor-element-populated\">\n\t\t\t\t\t\t<div class=\"elementor-element elementor-element-27ab7b3 elementor-widget elementor-widget-vt-windfall_address_info\" data-id=\"27ab7b3\" data-element_type=\"widget\" data-widget_type=\"vt-windfall_address_info.default\">\n\t\t\t\t<div class=\"elementor-widget-container\">\n\t\t\t\t\t<div class=\"wndfal-contact\">\n\t\t\t\t        <div class=\"contact-info\">\n\t\t\t\t          <div class=\"section-title-wrap title-style-two\">\n\t\t\t\t            <h2 class=\"section-title\">Kontakta Elektrikarn i Gr\u00e4nna<\/h2><p>Kontakta oss om du vill ha hj\u00e4lp med elinstallationer, r\u00e5dgivning, nybyggnationer eller annat som r\u00f6r el och elinstallationer. Anv\u00e4nd kontaktformul\u00e4ret, vanlig mejl eller ring oss! Varmt v\u00e4lkommen! <\/p>\n\t\t\t\t          <\/div>\n\t\t\t\t          <ul><li> <div class=\"wndfal-icon\"><i class=\"ti-location-pin\" aria-hidden=\"true\"><\/i><\/div><div class=\"contact-inner-info\"><span class=\"list-title\">Adress:<\/span>Erstad 3 563 94 Visings\u00f6<\/div><\/li><li> <div class=\"wndfal-icon\"><i class=\"ti-mobile\" aria-hidden=\"true\"><\/i><\/div><div class=\"contact-inner-info\"><span class=\"list-title\">Ring: <\/span><a href=\"tel:073-334 81 52\" target=\"_blank\" rel=\"nofollow\">073-334 81 52, 073-339 80 34<\/a><\/div><\/li><li> <div class=\"wndfal-icon\"><i class=\"ti-email\" aria-hidden=\"true\"><\/i><\/div><div class=\"contact-inner-info\"><span class=\"list-title\">E-post: <\/span><a href=\"#0\" target=\"_blank\" rel=\"nofollow\">info@elektrikarngranna.se<\/a><\/div><\/li><li> <div class=\"wndfal-icon\"><i class=\"ti-light-bulb\" aria-hidden=\"true\"><\/i><\/div><div class=\"contact-inner-info\"><span class=\"list-title\">Orgnr: <\/span>559288-7441<\/div><\/li><\/ul><\/div><\/div>\t\t\t\t<\/div>\n\t\t\t\t<\/div>\n\t\t\t\t\t<\/div>\n\t\t<\/div>\n\t\t\t\t\t<\/div>\n\t\t<\/section>\n\t\t<div class=\"elementor-element elementor-element-82b970c e-flex e-con-boxed e-con e-parent\" data-id=\"82b970c\" data-element_type=\"container\">\n\t\t\t\t\t<div class=\"e-con-inner\">\n\t\t\t\t<div class=\"elementor-element elementor-element-b63ef2d elementor-widget elementor-widget-vt-windfall_contact_form\" data-id=\"b63ef2d\" data-element_type=\"widget\" data-widget_type=\"vt-windfall_contact_form.default\">\n\t\t\t\t<div class=\"elementor-widget-container\">\n\t\t\t\t\t<div class=\" appointment-form wndfal-cntat-form wndfal-form\"><h3 class=\"appointment-title\">Kontaktformul\u00e4r<\/h3>\n<div class=\"wpcf7 no-js\" id=\"wpcf7-f1286-o1\" lang=\"sv-SE\" dir=\"ltr\" data-wpcf7-id=\"1286\">\n<div class=\"screen-reader-response\"><p role=\"status\" aria-live=\"polite\" aria-atomic=\"true\"><\/p> <ul><\/ul><\/div>\n<form action=\"\/index.php\/wp-json\/wp\/v2\/pages\/377#wpcf7-f1286-o1\" method=\"post\" class=\"wpcf7-form init\" aria-label=\"Kontaktformul\u00e4r\" novalidate=\"novalidate\" data-status=\"init\">\n<fieldset class=\"hidden-fields-container\"><input type=\"hidden\" name=\"_wpcf7\" value=\"1286\" \/><input type=\"hidden\" name=\"_wpcf7_version\" value=\"6.1.4\" \/><input type=\"hidden\" name=\"_wpcf7_locale\" value=\"sv_SE\" \/><input type=\"hidden\" name=\"_wpcf7_unit_tag\" value=\"wpcf7-f1286-o1\" \/><input type=\"hidden\" name=\"_wpcf7_container_post\" value=\"0\" \/><input type=\"hidden\" name=\"_wpcf7_posted_data_hash\" value=\"\" \/>\n<\/fieldset>\n<p><label> Ditt namn<br \/>\n<span class=\"wpcf7-form-control-wrap\" data-name=\"your-name\"><input size=\"40\" maxlength=\"400\" class=\"wpcf7-form-control wpcf7-text wpcf7-validates-as-required\" autocomplete=\"name\" aria-required=\"true\" aria-invalid=\"false\" value=\"\" type=\"text\" name=\"your-name\" \/><\/span> <\/label>\n<\/p>\n<p><label> Din e-post<br \/>\n<span class=\"wpcf7-form-control-wrap\" data-name=\"your-email\"><input size=\"40\" maxlength=\"400\" class=\"wpcf7-form-control wpcf7-email wpcf7-validates-as-required wpcf7-text wpcf7-validates-as-email\" autocomplete=\"email\" aria-required=\"true\" aria-invalid=\"false\" value=\"\" type=\"email\" name=\"your-email\" \/><\/span> <\/label>\n<\/p>\n<p><label> \u00c4mne<br \/>\n<span class=\"wpcf7-form-control-wrap\" data-name=\"your-subject\"><input size=\"40\" maxlength=\"400\" class=\"wpcf7-form-control wpcf7-text wpcf7-validates-as-required\" aria-required=\"true\" aria-invalid=\"false\" value=\"\" type=\"text\" name=\"your-subject\" \/><\/span> <\/label>\n<\/p>\n<p><label> Ditt meddelande (valfritt)<br \/>\n<span class=\"wpcf7-form-control-wrap\" data-name=\"your-message\"><textarea cols=\"40\" rows=\"10\" maxlength=\"2000\" class=\"wpcf7-form-control wpcf7-textarea\" aria-invalid=\"false\" name=\"your-message\"><\/textarea><\/span> <\/label>\n<\/p>\n<p><input class=\"wpcf7-form-control wpcf7-submit has-spinner\" type=\"submit\" value=\"Skicka\" \/>\n<\/p><div class=\"wpcf7-response-output\" aria-hidden=\"true\"><\/div>\n<\/form>\n<\/div>\n<\/div>\t\t\t\t<\/div>\n\t\t\t\t<\/div>\n\t\t\t\t\t<\/div>\n\t\t\t\t<\/div>\n\t\t<div class=\"elementor-element elementor-element-86345ef e-transform e-flex e-con-boxed e-con e-parent\" data-id=\"86345ef\" data-element_type=\"container\" data-settings=\"{&quot;_transform_translateX_effect&quot;:{&quot;unit&quot;:&quot;px&quot;,&quot;size&quot;:220,&quot;sizes&quot;:[]},&quot;_transform_translateX_effect_mobile&quot;:{&quot;unit&quot;:&quot;px&quot;,&quot;size&quot;:0,&quot;sizes&quot;:[]},&quot;_transform_translateX_effect_tablet&quot;:{&quot;unit&quot;:&quot;px&quot;,&quot;size&quot;:&quot;&quot;,&quot;sizes&quot;:[]},&quot;_transform_translateY_effect&quot;:{&quot;unit&quot;:&quot;px&quot;,&quot;size&quot;:&quot;&quot;,&quot;sizes&quot;:[]},&quot;_transform_translateY_effect_tablet&quot;:{&quot;unit&quot;:&quot;px&quot;,&quot;size&quot;:&quot;&quot;,&quot;sizes&quot;:[]},&quot;_transform_translateY_effect_mobile&quot;:{&quot;unit&quot;:&quot;px&quot;,&quot;size&quot;:&quot;&quot;,&quot;sizes&quot;:[]}}\">\n\t\t\t\t\t<div class=\"e-con-inner\">\n\t\t\t\t<div class=\"elementor-element elementor-element-678ae8e elementor-widget elementor-widget-vt-windfall_team\" data-id=\"678ae8e\" data-element_type=\"widget\" data-settings=\"{&quot;team_column&quot;:&quot;col-3&quot;}\" data-widget_type=\"vt-windfall_team.default\">\n\t\t\t\t<div class=\"elementor-widget-container\">\n\t\t\t\t\t\t\t<div class=\"wndfal-team\">\n\t\t  <div class=\"container\">\n\t\t    <div class=\"row\">\n\t\t\t\t\t\t\t\t\t\t\t<div class=\"col-xl-4 col-sm-6\">\n\t\t\t        <div class=\"mate-item\">\n\t\t\t          \t\t\t\t        \t<div class=\"wndfal-image\"><a href=\"https:\/\/elektrikarngranna.se\/index.php\/vi%20som%20jobbar\/hannes-kjellberg\/\"><img decoding=\"async\" src=\"https:\/\/elektrikarngranna.se\/wp-content\/uploads\/2019\/04\/Skarmavbild-2025-05-02-kl.-14.46.50-353x220.png\" alt=\"Hannes Kjellberg\"><\/a><\/div>\n\t\t\t\t        \t\t\t          <div class=\"mate-info\">\n\t\t\t            <h6 class=\"mate-designation\">Elektriker<\/h6>\t\t\t            <h4 class=\"mate-name\"><a href=\"https:\/\/elektrikarngranna.se\/index.php\/vi%20som%20jobbar\/hannes-kjellberg\/\">Hannes Kjellberg<\/a><\/h4>\n\t\t\t            \t\t\t\t\t        \t<ul>\n\t\t\t                \t\t\t                  <li><i class=\"fa fa-phone\" aria-hidden=\"true\"><\/i><a href=\"tel:0733%2039%2080%2034\" target=\"_blank\">0733 39 80 34<\/a><\/li>\n\t\t\t                \t\t\t                  <li><i class=\"fa fa-envelope-o\" aria-hidden=\"true\"><\/i><a href=\"mailto:%20hannes@elektrikarngranna.se\" target=\"_blank\">hannes@elektrikarngranna.se<\/a><\/li>\n\t\t\t                \t\t\t            \t<\/ul>\n\t\t\t            \t\t\t            <div class=\"mate-meta\">\n\t\t\t              <div class=\"row align-items-center\">\n\t\t\t                <div class=\"col-6 social-title\">Meet me on:<\/div>\n\t\t\t                \t\t\t\t\t\t\t        \t<div class=\"col-6\">\n\t\t\t\t                  <div class=\"wndfal-social\">\n\t\t\t\t                    \t\t\t\t                    \t<a href=\"#0\"><i class=\"fa fa-facebook-square\"><\/i><\/a>\n\t\t\t\t\t                  \t\t\t\t                \t<\/div>\n\t\t\t                \t<\/div>\n\t\t\t                \t\t\t              <\/div>\n\t\t\t            <\/div>\n\t\t\t          <\/div>\n\t\t\t        <\/div>\n\t\t\t      <\/div>\n\t\t\t\t\t\t\t\t\t\t\t\t<div class=\"col-xl-4 col-sm-6\">\n\t\t\t        <div class=\"mate-item\">\n\t\t\t          \t\t\t\t        \t<div class=\"wndfal-image\"><a href=\"https:\/\/elektrikarngranna.se\/index.php\/vi%20som%20jobbar\/gustav-ekstrom\/\"><img decoding=\"async\" src=\"https:\/\/elektrikarngranna.se\/wp-content\/uploads\/2019\/04\/Skarmavbild-2025-05-02-kl.-14.46.50-353x220.png\" alt=\"Gustav Ekstr\u00f6m\"><\/a><\/div>\n\t\t\t\t        \t\t\t          <div class=\"mate-info\">\n\t\t\t            <h6 class=\"mate-designation\">Elektriker<\/h6>\t\t\t            <h4 class=\"mate-name\"><a href=\"https:\/\/elektrikarngranna.se\/index.php\/vi%20som%20jobbar\/gustav-ekstrom\/\">Gustav Ekstr\u00f6m<\/a><\/h4>\n\t\t\t            \t\t\t\t\t        \t<ul>\n\t\t\t                \t\t\t                  <li><i class=\"fa fa-phone\" aria-hidden=\"true\"><\/i><a href=\"tel:0733%2034%2081%2052\" target=\"_blank\">0733 34 81 52<\/a><\/li>\n\t\t\t                \t\t\t                  <li><i class=\"fa fa-envelope-o\" aria-hidden=\"true\"><\/i><a href=\"mailto:%20gustav@elektrikarngranna.se\" target=\"_blank\">gustav@elektrikarngranna.se<\/a><\/li>\n\t\t\t                \t\t\t            \t<\/ul>\n\t\t\t            \t\t\t            <div class=\"mate-meta\">\n\t\t\t              <div class=\"row align-items-center\">\n\t\t\t                <div class=\"col-6 social-title\">Meet me on:<\/div>\n\t\t\t                \t\t\t\t\t\t\t        \t<div class=\"col-6\">\n\t\t\t\t                  <div class=\"wndfal-social\">\n\t\t\t\t                    \t\t\t\t                    \t<a href=\"https:\/\/www.facebook.com\/profile.php?id=61573181971955\"><i class=\"fa fa-facebook-square\"><\/i><\/a>\n\t\t\t\t\t                  \t\t\t\t                    \t<a href=\"http:\/\/instagram.com\"><i class=\"fa fa-instagram\"><\/i><\/a>\n\t\t\t\t\t                  \t\t\t\t                \t<\/div>\n\t\t\t                \t<\/div>\n\t\t\t                \t\t\t              <\/div>\n\t\t\t            <\/div>\n\t\t\t          <\/div>\n\t\t\t        <\/div>\n\t\t\t      <\/div>\n\t\t\t\t\t\t\t\t  \t<\/div>\n\t\t  <\/div>\n\t\t<\/div> <!-- team End -->\n\t\t\t\t\t\t<\/div>\n\t\t\t\t<\/div>\n\t\t\t\t\t<\/div>\n\t\t\t\t<\/div>\n\t\t\t\t<\/div>\n\t\t","protected":false},"excerpt":{"rendered":"Kontakta Elektrikarn i Gr\u00e4nna Kontakta oss om du vill ha hj\u00e4lp med elinstallationer, r\u00e5dgivning, nybyggnationer eller annat som r\u00f6r el och elinstallationer. Anv\u00e4nd kontaktformul\u00e4ret, vanlig mejl eller ring oss! Varmt v\u00e4lkommen! Adress:Erstad 3 563 94 Visings\u00f6 Ring: 073-334 81 52, 073-339 80 34 E-post: info@elektrikarngranna.se Orgnr: 559288-7441 Kontaktformul\u00e4r Ditt namn Din e-post \u00c4mne Ditt meddelande&#8230;","protected":false},"author":1,"featured_media":0,"parent":0,"menu_order":0,"comment_status":"closed","ping_status":"closed","template":"","meta":{"iawp_total_views":275,"footnotes":""},"class_list":["post-377","page","type-page","status-publish","hentry"],"_links":{"self":[{"href":"https:\/\/elektrikarngranna.se\/index.php\/wp-json\/wp\/v2\/pages\/377","targetHints":{"allow":["GET"]}}],"collection":[{"href":"https:\/\/elektrikarngranna.se\/index.php\/wp-json\/wp\/v2\/pages"}],"about":[{"href":"https:\/\/elektrikarngranna.se\/index.php\/wp-json\/wp\/v2\/types\/page"}],"author":[{"embeddable":true,"href":"https:\/\/elektrikarngranna.se\/index.php\/wp-json\/wp\/v2\/users\/1"}],"replies":[{"embeddable":true,"href":"https:\/\/elektrikarngranna.se\/index.php\/wp-json\/wp\/v2\/comments?post=377"}],"version-history":[{"count":65,"href":"https:\/\/elektrikarngranna.se\/index.php\/wp-json\/wp\/v2\/pages\/377\/revisions"}],"predecessor-version":[{"id":2364,"href":"https:\/\/elektrikarngranna.se\/index.php\/wp-json\/wp\/v2\/pages\/377\/revisions\/2364"}],"wp:attachment":[{"href":"https:\/\/elektrikarngranna.se\/index.php\/wp-json\/wp\/v2\/media?parent=377"}],"curies":[{"name":"wp","href":"https:\/\/api.w.org\/{rel}","templated":true}]}}