{"id":329,"date":"2019-04-04T06:41:59","date_gmt":"2019-04-04T06:41:59","guid":{"rendered":"https:\/\/victorthemes.com\/themes\/windfall\/?page_id=329"},"modified":"2025-05-17T13:40:09","modified_gmt":"2025-05-17T11:40:09","slug":"om-oss","status":"publish","type":"page","link":"https:\/\/elektrikarngranna.se\/index.php\/om-oss\/","title":{"rendered":"OM ELEKTRIKARN"},"content":{"rendered":"\t\t<div data-elementor-type=\"wp-post\" data-elementor-id=\"329\" class=\"elementor elementor-329\">\n\t\t\t\t<div class=\"elementor-element elementor-element-b871c43 e-con-full e-flex e-con e-parent\" data-id=\"b871c43\" data-element_type=\"container\">\n\t\t\t\t<div class=\"elementor-element elementor-element-e8b9cc6 elementor-widget elementor-widget-spacer\" data-id=\"e8b9cc6\" data-element_type=\"widget\" data-widget_type=\"spacer.default\">\n\t\t\t\t<div class=\"elementor-widget-container\">\n\t\t\t\t\t\t\t<div class=\"elementor-spacer\">\n\t\t\t<div class=\"elementor-spacer-inner\"><\/div>\n\t\t<\/div>\n\t\t\t\t\t\t<\/div>\n\t\t\t\t<\/div>\n\t\t\t\t<div class=\"elementor-element elementor-element-46c14ca elementor-widget elementor-widget-heading\" data-id=\"46c14ca\" data-element_type=\"widget\" data-widget_type=\"heading.default\">\n\t\t\t\t<div class=\"elementor-widget-container\">\n\t\t\t\t\t<h1 class=\"elementor-heading-title elementor-size-default\">V\u00e4lkommen till Elektrikarn i Gr\u00e4nna AB<\/h1>\t\t\t\t<\/div>\n\t\t\t\t<\/div>\n\t\t\t\t<div class=\"elementor-element elementor-element-c32261a elementor-widget elementor-widget-image\" data-id=\"c32261a\" data-element_type=\"widget\" data-widget_type=\"image.default\">\n\t\t\t\t<div class=\"elementor-widget-container\">\n\t\t\t\t\t\t\t\t\t\t\t\t\t\t\t<img fetchpriority=\"high\" decoding=\"async\" width=\"1536\" height=\"1027\" src=\"https:\/\/elektrikarngranna.se\/wp-content\/uploads\/2025\/05\/Skarmavbild-2025-05-02-kl.-14.46.43-1536x1027.png\" class=\"attachment-1536x1536 size-1536x1536 wp-image-1408\" alt=\"\" srcset=\"https:\/\/elektrikarngranna.se\/wp-content\/uploads\/2025\/05\/Skarmavbild-2025-05-02-kl.-14.46.43-1536x1027.png 1536w, https:\/\/elektrikarngranna.se\/wp-content\/uploads\/2025\/05\/Skarmavbild-2025-05-02-kl.-14.46.43-300x201.png 300w, https:\/\/elektrikarngranna.se\/wp-content\/uploads\/2025\/05\/Skarmavbild-2025-05-02-kl.-14.46.43-1024x684.png 1024w, https:\/\/elektrikarngranna.se\/wp-content\/uploads\/2025\/05\/Skarmavbild-2025-05-02-kl.-14.46.43-768x513.png 768w, https:\/\/elektrikarngranna.se\/wp-content\/uploads\/2025\/05\/Skarmavbild-2025-05-02-kl.-14.46.43-600x401.png 600w, https:\/\/elektrikarngranna.se\/wp-content\/uploads\/2025\/05\/Skarmavbild-2025-05-02-kl.-14.46.43.png 1876w\" sizes=\"(max-width: 1536px) 100vw, 1536px\" \/>\t\t\t\t\t\t\t\t\t\t\t\t\t\t\t<\/div>\n\t\t\t\t<\/div>\n\t\t\t\t<\/div>\n\t\t<div class=\"elementor-element elementor-element-978411d e-flex e-con-boxed e-con e-parent\" data-id=\"978411d\" data-element_type=\"container\">\n\t\t\t\t\t<div class=\"e-con-inner\">\n\t\t\t\t<div class=\"elementor-element elementor-element-1210614 elementor-widget elementor-widget-text-editor\" data-id=\"1210614\" data-element_type=\"widget\" data-widget_type=\"text-editor.default\">\n\t\t\t\t<div class=\"elementor-widget-container\">\n\t\t\t\t\t\t\t\t\t<p style=\"text-align: center;\"><span style=\"color: #000000;\">Elektrikarn i Gr\u00e4nna AB \u00e4r ett engagerat och p\u00e5litligt elf\u00f6retag med bas i hj\u00e4rtat av Gr\u00e4nna. F\u00f6retaget drivs av Gustav Ekstr\u00f6m och Hannes Kjellberg \u2013 tv\u00e5 erfarna elektriker med stor passion f\u00f6r yrket och en gemensam ambition att alltid leverera elarbeten av h\u00f6gsta kvalitet. Med m\u00e5nga \u00e5r i branschen har vi hunnit samla p\u00e5 oss en gedigen kunskap inom allt fr\u00e5n traditionella elinstallationer till mer komplexa l\u00f6sningar f\u00f6r b\u00e5de privatpersoner, f\u00f6retag och fastighets\u00e4gare. Oavsett om det handlar om nyproduktion, renovering, fels\u00f6kning eller uppgradering till moderna el- och energil\u00f6sningar, \u00e4r v\u00e5r m\u00e5ls\u00e4ttning densamma: att g\u00f6ra jobbet r\u00e4tt fr\u00e5n b\u00f6rjan \u2013 tryggt, snyggt och s\u00e4kert.<\/span><\/p><p style=\"text-align: center;\"><span style=\"color: #000000;\">Vi tror p\u00e5 ett personligt bem\u00f6tande och n\u00e4ra kontakt med v\u00e5ra kunder genom hela processen. F\u00f6r oss \u00e4r det viktigt att du som kund k\u00e4nner dig sedd, h\u00f6rd och helt trygg i att arbetet blir professionellt utf\u00f6rt enligt g\u00e4llande regler och med stor noggrannhet. Att jobba med el handlar inte bara om teknik \u2013 det handlar om f\u00f6rtroende. D\u00e4rf\u00f6r \u00e4r vi alltid tydliga med b\u00e5de tidsplaner, priser och vad som faktiskt beh\u00f6ver g\u00f6ras. Vi \u00e4r m\u00e5na om att skapa l\u00e5ngsiktiga relationer och \u00e4r stolta \u00f6ver att m\u00e5nga av v\u00e5ra kunder \u00e5terkommer till oss g\u00e5ng p\u00e5 g\u00e5ng.<\/span><\/p><p style=\"text-align: center;\"><span style=\"color: #000000;\">V\u00e4ljer du Elektrikarn i Gr\u00e4nna AB f\u00e5r du inte bara tillg\u00e5ng till bred kompetens och yrkesskicklighet \u2013 du f\u00e5r tv\u00e5 elektriker som brinner f\u00f6r att g\u00f6ra skillnad och som s\u00e4tter kvalitet och s\u00e4kerhet i f\u00f6rsta rummet. V\u00e4lkommen att kontakta oss f\u00f6r ett kostnadsfritt bes\u00f6k eller offertf\u00f6rslag \u2013 vi ser fram emot att hj\u00e4lpa dig!<\/span><\/p>\t\t\t\t\t\t\t\t<\/div>\n\t\t\t\t<\/div>\n\t\t\t\t<div class=\"elementor-element elementor-element-b053bac elementor-widget elementor-widget-heading\" data-id=\"b053bac\" data-element_type=\"widget\" data-widget_type=\"heading.default\">\n\t\t\t\t<div class=\"elementor-widget-container\">\n\t\t\t\t\t<h1 class=\"elementor-heading-title elementor-size-default\">V\u00e5ra elektriker<\/h1>\t\t\t\t<\/div>\n\t\t\t\t<\/div>\n\t\t\t\t\t<\/div>\n\t\t\t\t<\/div>\n\t\t\t\t<section class=\"elementor-section elementor-top-section elementor-element elementor-element-4700608 elementor-section-stretched elementor-section-full_width elementor-section-height-min-height elementor-section-height-default elementor-section-items-middle\" data-id=\"4700608\" data-element_type=\"section\" data-settings=\"{&quot;stretch_section&quot;:&quot;section-stretched&quot;,&quot;background_background&quot;:&quot;classic&quot;}\">\n\t\t\t\t\t\t<div class=\"elementor-container elementor-column-gap-default\">\n\t\t\t\t\t<div class=\"elementor-column elementor-col-100 elementor-top-column elementor-element elementor-element-1937f70\" data-id=\"1937f70\" data-element_type=\"column\">\n\t\t\t<div class=\"elementor-widget-wrap elementor-element-populated\">\n\t\t\t\t\t\t<div class=\"elementor-element elementor-element-b3a8125 e-transform elementor-widget elementor-widget-vt-windfall_team\" data-id=\"b3a8125\" data-element_type=\"widget\" data-settings=\"{&quot;team_column&quot;:&quot;col-3&quot;,&quot;_transform_translateX_effect&quot;:{&quot;unit&quot;:&quot;px&quot;,&quot;size&quot;:183,&quot;sizes&quot;:[]},&quot;_transform_translateX_effect_mobile&quot;:{&quot;unit&quot;:&quot;px&quot;,&quot;size&quot;:0,&quot;sizes&quot;:[]},&quot;_transform_translateY_effect&quot;:{&quot;unit&quot;:&quot;px&quot;,&quot;size&quot;:0,&quot;sizes&quot;:[]},&quot;_transform_translateX_effect_tablet&quot;:{&quot;unit&quot;:&quot;px&quot;,&quot;size&quot;:&quot;&quot;,&quot;sizes&quot;:[]},&quot;_transform_translateY_effect_tablet&quot;:{&quot;unit&quot;:&quot;px&quot;,&quot;size&quot;:&quot;&quot;,&quot;sizes&quot;:[]},&quot;_transform_translateY_effect_mobile&quot;:{&quot;unit&quot;:&quot;px&quot;,&quot;size&quot;:&quot;&quot;,&quot;sizes&quot;:[]}}\" data-widget_type=\"vt-windfall_team.default\">\n\t\t\t\t<div class=\"elementor-widget-container\">\n\t\t\t\t\t\t\t<div class=\"wndfal-team\">\n\t\t  <div class=\"container\">\n\t\t    <div class=\"row\">\n\t\t\t\t\t\t\t\t\t\t\t<div class=\"col-xl-4 col-sm-6\">\n\t\t\t        <div class=\"mate-item\">\n\t\t\t          \t\t\t\t        \t<div class=\"wndfal-image\"><a href=\"https:\/\/elektrikarngranna.se\/index.php\/vi%20som%20jobbar\/hannes-kjellberg\/\"><img decoding=\"async\" src=\"https:\/\/elektrikarngranna.se\/wp-content\/uploads\/2019\/04\/Skarmavbild-2025-05-02-kl.-14.46.50.png\" alt=\"Hannes Kjellberg\"><\/a><\/div>\n\t\t\t\t        \t\t\t          <div class=\"mate-info\">\n\t\t\t            <h6 class=\"mate-designation\">Elektriker<\/h6>\t\t\t            <h4 class=\"mate-name\"><a href=\"https:\/\/elektrikarngranna.se\/index.php\/vi%20som%20jobbar\/hannes-kjellberg\/\">Hannes Kjellberg<\/a><\/h4>\n\t\t\t            \t\t\t\t\t        \t<ul>\n\t\t\t                \t\t\t                  <li><i class=\"fa fa-phone\" aria-hidden=\"true\"><\/i><a href=\"tel:0733%2039%2080%2034\" target=\"_blank\">0733 39 80 34<\/a><\/li>\n\t\t\t                \t\t\t                  <li><i class=\"fa fa-envelope-o\" aria-hidden=\"true\"><\/i><a href=\"mailto:%20hannes@elektrikarngranna.se\" target=\"_blank\">hannes@elektrikarngranna.se<\/a><\/li>\n\t\t\t                \t\t\t            \t<\/ul>\n\t\t\t            \t\t\t            <div class=\"mate-meta\">\n\t\t\t              <div class=\"row align-items-center\">\n\t\t\t                <div class=\"col-6 social-title\">Meet me on:<\/div>\n\t\t\t                \t\t\t\t\t\t\t        \t<div class=\"col-6\">\n\t\t\t\t                  <div class=\"wndfal-social\">\n\t\t\t\t                    \t\t\t\t                    \t<a href=\"#0\"><i class=\"fa fa-facebook-square\"><\/i><\/a>\n\t\t\t\t\t                  \t\t\t\t                \t<\/div>\n\t\t\t                \t<\/div>\n\t\t\t                \t\t\t              <\/div>\n\t\t\t            <\/div>\n\t\t\t          <\/div>\n\t\t\t        <\/div>\n\t\t\t      <\/div>\n\t\t\t\t\t\t\t\t\t\t\t\t<div class=\"col-xl-4 col-sm-6\">\n\t\t\t        <div class=\"mate-item\">\n\t\t\t          \t\t\t\t        \t<div class=\"wndfal-image\"><a href=\"https:\/\/elektrikarngranna.se\/index.php\/vi%20som%20jobbar\/gustav-ekstrom\/\"><img decoding=\"async\" src=\"https:\/\/elektrikarngranna.se\/wp-content\/uploads\/2019\/04\/Skarmavbild-2025-05-02-kl.-14.46.50.png\" alt=\"Gustav Ekstr\u00f6m\"><\/a><\/div>\n\t\t\t\t        \t\t\t          <div class=\"mate-info\">\n\t\t\t            <h6 class=\"mate-designation\">Elektriker<\/h6>\t\t\t            <h4 class=\"mate-name\"><a href=\"https:\/\/elektrikarngranna.se\/index.php\/vi%20som%20jobbar\/gustav-ekstrom\/\">Gustav Ekstr\u00f6m<\/a><\/h4>\n\t\t\t            \t\t\t\t\t        \t<ul>\n\t\t\t                \t\t\t                  <li><i class=\"fa fa-phone\" aria-hidden=\"true\"><\/i><a href=\"tel:0733%2034%2081%2052\" target=\"_blank\">0733 34 81 52<\/a><\/li>\n\t\t\t                \t\t\t                  <li><i class=\"fa fa-envelope-o\" aria-hidden=\"true\"><\/i><a href=\"mailto:%20gustav@elektrikarngranna.se\" target=\"_blank\">gustav@elektrikarngranna.se<\/a><\/li>\n\t\t\t                \t\t\t            \t<\/ul>\n\t\t\t            \t\t\t            <div class=\"mate-meta\">\n\t\t\t              <div class=\"row align-items-center\">\n\t\t\t                <div class=\"col-6 social-title\">Meet me on:<\/div>\n\t\t\t                \t\t\t\t\t\t\t        \t<div class=\"col-6\">\n\t\t\t\t                  <div class=\"wndfal-social\">\n\t\t\t\t                    \t\t\t\t                    \t<a href=\"https:\/\/www.facebook.com\/profile.php?id=61573181971955\"><i class=\"fa fa-facebook-square\"><\/i><\/a>\n\t\t\t\t\t                  \t\t\t\t                    \t<a href=\"http:\/\/instagram.com\"><i class=\"fa fa-instagram\"><\/i><\/a>\n\t\t\t\t\t                  \t\t\t\t                \t<\/div>\n\t\t\t                \t<\/div>\n\t\t\t                \t\t\t              <\/div>\n\t\t\t            <\/div>\n\t\t\t          <\/div>\n\t\t\t        <\/div>\n\t\t\t      <\/div>\n\t\t\t\t\t\t\t\t  \t<\/div>\n\t\t  <\/div>\n\t\t<\/div> <!-- team End -->\n\t\t\t\t\t\t<\/div>\n\t\t\t\t<\/div>\n\t\t\t\t\t<\/div>\n\t\t<\/div>\n\t\t\t\t\t<\/div>\n\t\t<\/section>\n\t\t\t\t<section class=\"elementor-section elementor-top-section elementor-element elementor-element-90170ef elementor-section-stretched elementor-section-full_width elementor-section-height-default elementor-section-height-default\" data-id=\"90170ef\" data-element_type=\"section\" data-settings=\"{&quot;stretch_section&quot;:&quot;section-stretched&quot;,&quot;background_background&quot;:&quot;classic&quot;}\">\n\t\t\t\t\t\t<div class=\"elementor-container elementor-column-gap-default\">\n\t\t\t\t\t<div class=\"elementor-column elementor-col-100 elementor-top-column elementor-element elementor-element-fe79c99\" data-id=\"fe79c99\" data-element_type=\"column\">\n\t\t\t<div class=\"elementor-widget-wrap elementor-element-populated\">\n\t\t\t\t\t\t<div class=\"elementor-element elementor-element-977cc5f elementor-widget elementor-widget-vt-windfall_section_title\" data-id=\"977cc5f\" data-element_type=\"widget\" data-widget_type=\"vt-windfall_section_title.default\">\n\t\t\t\t<div class=\"elementor-widget-container\">\n\t\t\t\t\t<div class=\"section-title-wrap  wndfal-sectTitleElementor \"><h2 class=\"section-title\">V\u00e5ra beh\u00f6righeter<\/h2><\/div>\t\t\t\t<\/div>\n\t\t\t\t<\/div>\n\t\t\t\t<div class=\"elementor-element elementor-element-87862a4 elementor-widget elementor-widget-vt-windfall_client\" data-id=\"87862a4\" data-element_type=\"widget\" data-widget_type=\"vt-windfall_client.default\">\n\t\t\t\t<div class=\"elementor-widget-container\">\n\t\t\t\t\t<div class=\"wndfal-partners\">\n\t\t\t\t\t\t\t  <div class=\"container\">\n\t\t\t\t\t\t\t    \n\t\t\t\t\t\t\t    <div class=\"owl-carousel\"  data-loop=\"true\" data-items=\"4\" data-margin=\"30\" data-dots=\"false\" data-nav=\"false\" data-autoplay-timeout=\"5000\" data-mouse-drag=\"true\" data-items-tablet=\"3\" data-items-mobile-landscape=\"2\" data-items-mobile-portrait=\"1\" data-rtl=\"false\"><div class=\"item\"><div class=\"partner-item\"><div class=\"wndfal-image wndfal-popup\"><a href=\"https:\/\/elektrikarngranna.se\/wp-content\/uploads\/2019\/05\/01.jpg\"><img decoding=\"async\" src=\"https:\/\/elektrikarngranna.se\/wp-content\/uploads\/2019\/05\/01.jpg\" alt=\"\" style=\" \"><\/a><\/div><\/div><\/div><div class=\"item\"><div class=\"partner-item\"><div class=\"wndfal-image wndfal-popup\"><a href=\"https:\/\/elektrikarngranna.se\/wp-content\/uploads\/2019\/05\/01.jpg\"><img decoding=\"async\" src=\"https:\/\/elektrikarngranna.se\/wp-content\/uploads\/2019\/05\/01.jpg\" alt=\"\" style=\" \"><\/a><\/div><\/div><\/div><div class=\"item\"><div class=\"partner-item\"><div class=\"wndfal-image wndfal-popup\"><a href=\"https:\/\/elektrikarngranna.se\/wp-content\/uploads\/2019\/05\/01.jpg\"><img decoding=\"async\" src=\"https:\/\/elektrikarngranna.se\/wp-content\/uploads\/2019\/05\/01.jpg\" alt=\"\" style=\" \"><\/a><\/div><\/div><\/div><div class=\"item\"><div class=\"partner-item\"><div class=\"wndfal-image wndfal-popup\"><a href=\"https:\/\/elektrikarngranna.se\/wp-content\/uploads\/2019\/05\/01.jpg\"><img decoding=\"async\" src=\"https:\/\/elektrikarngranna.se\/wp-content\/uploads\/2019\/05\/01.jpg\" alt=\"\" style=\" \"><\/a><\/div><\/div><\/div><div class=\"item\"><div class=\"partner-item\"><div class=\"wndfal-image wndfal-popup\"><a href=\"https:\/\/elektrikarngranna.se\/wp-content\/uploads\/2019\/05\/01.jpg\"><img decoding=\"async\" src=\"https:\/\/elektrikarngranna.se\/wp-content\/uploads\/2019\/05\/01.jpg\" alt=\"\" style=\" \"><\/a><\/div><\/div><\/div><div class=\"item\"><div class=\"partner-item\"><div class=\"wndfal-image wndfal-popup\"><a href=\"https:\/\/elektrikarngranna.se\/wp-content\/uploads\/2019\/05\/01.jpg\"><img decoding=\"async\" src=\"https:\/\/elektrikarngranna.se\/wp-content\/uploads\/2019\/05\/01.jpg\" alt=\"\" style=\" \"><\/a><\/div><\/div><\/div><\/div><\/div><\/div>\t\t\t\t<\/div>\n\t\t\t\t<\/div>\n\t\t\t\t\t<\/div>\n\t\t<\/div>\n\t\t\t\t\t<\/div>\n\t\t<\/section>\n\t\t\t\t<\/div>\n\t\t","protected":false},"excerpt":{"rendered":"V\u00e4lkommen till Elektrikarn i Gr\u00e4nna AB Elektrikarn i Gr\u00e4nna AB \u00e4r ett engagerat och p\u00e5litligt elf\u00f6retag med bas i hj\u00e4rtat av Gr\u00e4nna. F\u00f6retaget drivs av Gustav Ekstr\u00f6m och Hannes Kjellberg \u2013 tv\u00e5 erfarna elektriker med stor passion f\u00f6r yrket och en gemensam ambition att alltid leverera elarbeten av h\u00f6gsta kvalitet. Med m\u00e5nga \u00e5r i branschen&#8230;","protected":false},"author":1,"featured_media":0,"parent":0,"menu_order":0,"comment_status":"closed","ping_status":"closed","template":"","meta":{"iawp_total_views":135,"footnotes":""},"class_list":["post-329","page","type-page","status-publish","hentry"],"_links":{"self":[{"href":"https:\/\/elektrikarngranna.se\/index.php\/wp-json\/wp\/v2\/pages\/329","targetHints":{"allow":["GET"]}}],"collection":[{"href":"https:\/\/elektrikarngranna.se\/index.php\/wp-json\/wp\/v2\/pages"}],"about":[{"href":"https:\/\/elektrikarngranna.se\/index.php\/wp-json\/wp\/v2\/types\/page"}],"author":[{"embeddable":true,"href":"https:\/\/elektrikarngranna.se\/index.php\/wp-json\/wp\/v2\/users\/1"}],"replies":[{"embeddable":true,"href":"https:\/\/elektrikarngranna.se\/index.php\/wp-json\/wp\/v2\/comments?post=329"}],"version-history":[{"count":59,"href":"https:\/\/elektrikarngranna.se\/index.php\/wp-json\/wp\/v2\/pages\/329\/revisions"}],"predecessor-version":[{"id":2298,"href":"https:\/\/elektrikarngranna.se\/index.php\/wp-json\/wp\/v2\/pages\/329\/revisions\/2298"}],"wp:attachment":[{"href":"https:\/\/elektrikarngranna.se\/index.php\/wp-json\/wp\/v2\/media?parent=329"}],"curies":[{"name":"wp","href":"https:\/\/api.w.org\/{rel}","templated":true}]}}