{"id":2394,"date":"2025-12-24T16:09:18","date_gmt":"2025-12-24T14:09:18","guid":{"rendered":"https:\/\/elektrikarngranna.se\/?page_id=2394"},"modified":"2026-02-19T14:07:19","modified_gmt":"2026-02-19T12:07:19","slug":"jobba-hos-oss","status":"publish","type":"page","link":"https:\/\/elektrikarngranna.se\/index.php\/jobba-hos-oss\/","title":{"rendered":"JOBBA HOS OSS"},"content":{"rendered":"\t\t<div data-elementor-type=\"wp-page\" data-elementor-id=\"2394\" class=\"elementor elementor-2394\">\n\t\t\t\t<div class=\"elementor-element elementor-element-aebb2d3 e-flex e-con-boxed e-con e-parent\" data-id=\"aebb2d3\" data-element_type=\"container\">\n\t\t\t\t\t<div class=\"e-con-inner\">\n\t\t\t\t<div class=\"elementor-element elementor-element-c91eeba elementor-widget elementor-widget-heading\" data-id=\"c91eeba\" data-element_type=\"widget\" data-widget_type=\"heading.default\">\n\t\t\t\t<div class=\"elementor-widget-container\">\n\t\t\t\t\t<h2 class=\"elementor-heading-title elementor-size-default\">Arbeta hos Elektrikarn i Gr\u00e4nna AB<\/h2>\t\t\t\t<\/div>\n\t\t\t\t<\/div>\n\t\t\t\t\t<\/div>\n\t\t\t\t<\/div>\n\t\t<div class=\"elementor-element elementor-element-4a6b383 e-flex e-con-boxed e-con e-parent\" data-id=\"4a6b383\" data-element_type=\"container\">\n\t\t\t\t\t<div class=\"e-con-inner\">\n\t\t\t\t<div class=\"elementor-element elementor-element-025d321 elementor-widget elementor-widget-text-editor\" data-id=\"025d321\" data-element_type=\"widget\" data-widget_type=\"text-editor.default\">\n\t\t\t\t<div class=\"elementor-widget-container\">\n\t\t\t\t\t\t\t\t\t<p data-start=\"263\" data-end=\"420\">Vill du arbeta p\u00e5 ett stabilt och v\u00e4xande elf\u00f6retag d\u00e4r kvalitet, s\u00e4kerhet och laganda st\u00e5r i fokus? D\u00e5 kan Elektrikarn Gr\u00e4nna vara r\u00e4tt arbetsplats f\u00f6r dig.<\/p><p data-start=\"422\" data-end=\"651\">Vi \u00e4r ett lokalt f\u00f6rankrat elf\u00f6retag som utf\u00f6r elinstallationer och service \u00e5t b\u00e5de privatpersoner, f\u00f6retag och fastighets\u00e4gare. Hos oss \u00e4r yrkesstolthet, noggrannhet och ett professionellt bem\u00f6tande en sj\u00e4lvklar del av vardagen.<\/p><h3 data-start=\"653\" data-end=\"670\">Vem s\u00f6ker vi?<\/h3><p data-start=\"671\" data-end=\"724\">Vi \u00e4r alltid intresserade av att komma i kontakt med:<\/p><ul data-start=\"725\" data-end=\"883\"><li data-start=\"725\" data-end=\"750\"><p data-start=\"727\" data-end=\"750\"><strong data-start=\"727\" data-end=\"750\">Beh\u00f6riga elektriker<\/strong><\/p><\/li><li data-start=\"751\" data-end=\"774\"><p data-start=\"753\" data-end=\"774\"><strong data-start=\"753\" data-end=\"774\">Serviceelektriker<\/strong><\/p><\/li><li data-start=\"775\" data-end=\"820\"><p data-start=\"777\" data-end=\"820\"><strong data-start=\"777\" data-end=\"820\">Elektriker under utbildning \/ l\u00e4rlingar<\/strong><\/p><\/li><\/ul><p data-start=\"885\" data-end=\"909\">Vi ser g\u00e4rna att du har:<\/p><ul data-start=\"910\" data-end=\"1136\"><li data-start=\"1066\" data-end=\"1079\"><p data-start=\"1068\" data-end=\"1079\">B-k\u00f6rkort<\/p><\/li><li data-start=\"1080\" data-end=\"1136\"><p data-start=\"1082\" data-end=\"1136\">Ett ansvarsfullt arbetss\u00e4tt och god samarbetsf\u00f6rm\u00e5ga<\/p><\/li><\/ul><h3 data-start=\"1138\" data-end=\"1158\">Vad erbjuder vi?<\/h3><ul data-start=\"1159\" data-end=\"1431\"><li data-start=\"1159\" data-end=\"1227\"><p data-start=\"1161\" data-end=\"1227\">En trygg anst\u00e4llning i ett lokalt f\u00f6retag med korta beslutsv\u00e4gar<\/p><\/li><li data-start=\"1228\" data-end=\"1300\"><p data-start=\"1230\" data-end=\"1300\">Varierande arbetsuppgifter inom installation, service, lantbruk och fels\u00f6kning<\/p><\/li><li data-start=\"1301\" data-end=\"1362\"><p data-start=\"1303\" data-end=\"1362\">M\u00f6jlighet till vidareutbildning och utveckling inom yrket<\/p><\/li><li data-start=\"1363\" data-end=\"1431\"><p data-start=\"1365\" data-end=\"1431\">En trevlig arbetsmilj\u00f6 med kollegor som st\u00e4ller upp f\u00f6r varandra<\/p><\/li><\/ul><p data-start=\"1433\" data-end=\"1511\">Vi \u00e4r ett v\u00e4xande f\u00f6retag och tror p\u00e5 l\u00e5ngsiktiga relationer \u2013 b\u00e5de med v\u00e5ra kunder och v\u00e5ra medarbetare.<\/p><h3 data-start=\"1513\" data-end=\"1530\">Ans\u00f6k hos oss<\/h3><p data-start=\"1531\" data-end=\"1695\">\u00c4r du intresserad av att jobba hos Elektrikarn Gr\u00e4nna? Skicka g\u00e4rna in en <strong data-start=\"1605\" data-end=\"1623\">spontanans\u00f6kan<\/strong> eller h\u00f6r av dig till oss med CV och en kort presentation av dig sj\u00e4lv och ber\u00e4tta g\u00e4rna varf\u00f6r du vill arbeta hos oss. V\u00e4lkommen!\u00a0<\/p><p data-start=\"1697\" data-end=\"1776\"><img decoding=\"async\" class=\"emoji\" role=\"img\" draggable=\"false\" src=\"https:\/\/s.w.org\/images\/core\/emoji\/17.0.2\/svg\/1f4e7.svg\" alt=\"\ud83d\udce7\" \/> <strong data-start=\"1700\" data-end=\"1711\">E-post:<\/strong>\u00a0<a href=\"mailto:info@elektrikarngranna.se\">info@elektrikarngranna.se<\/a><br data-start=\"1734\" data-end=\"1737\" \/><img decoding=\"async\" class=\"emoji\" role=\"img\" draggable=\"false\" src=\"https:\/\/s.w.org\/images\/core\/emoji\/17.0.2\/svg\/1f4de.svg\" alt=\"\ud83d\udcde\" \/> <strong data-start=\"1740\" data-end=\"1752\">Telefon:<\/strong>\u00a0073 &#8211; 334 81 52<\/p><p data-start=\"1778\" data-end=\"1813\">Vi ser fram emot att h\u00f6ra fr\u00e5n dig!<\/p>\t\t\t\t\t\t\t\t<\/div>\n\t\t\t\t<\/div>\n\t\t\t\t\t<\/div>\n\t\t\t\t<\/div>\n\t\t\t\t<\/div>\n\t\t","protected":false},"excerpt":{"rendered":"Arbeta hos Elektrikarn i Gr\u00e4nna AB Vill du arbeta p\u00e5 ett stabilt och v\u00e4xande elf\u00f6retag d\u00e4r kvalitet, s\u00e4kerhet och laganda st\u00e5r i fokus? D\u00e5 kan Elektrikarn Gr\u00e4nna vara r\u00e4tt arbetsplats f\u00f6r dig. Vi \u00e4r ett lokalt f\u00f6rankrat elf\u00f6retag som utf\u00f6r elinstallationer och service \u00e5t b\u00e5de privatpersoner, f\u00f6retag och fastighets\u00e4gare. Hos oss \u00e4r yrkesstolthet, noggrannhet och&#8230;","protected":false},"author":1,"featured_media":0,"parent":0,"menu_order":0,"comment_status":"closed","ping_status":"closed","template":"","meta":{"iawp_total_views":68,"footnotes":""},"class_list":["post-2394","page","type-page","status-publish","hentry"],"_links":{"self":[{"href":"https:\/\/elektrikarngranna.se\/index.php\/wp-json\/wp\/v2\/pages\/2394","targetHints":{"allow":["GET"]}}],"collection":[{"href":"https:\/\/elektrikarngranna.se\/index.php\/wp-json\/wp\/v2\/pages"}],"about":[{"href":"https:\/\/elektrikarngranna.se\/index.php\/wp-json\/wp\/v2\/types\/page"}],"author":[{"embeddable":true,"href":"https:\/\/elektrikarngranna.se\/index.php\/wp-json\/wp\/v2\/users\/1"}],"replies":[{"embeddable":true,"href":"https:\/\/elektrikarngranna.se\/index.php\/wp-json\/wp\/v2\/comments?post=2394"}],"version-history":[{"count":16,"href":"https:\/\/elektrikarngranna.se\/index.php\/wp-json\/wp\/v2\/pages\/2394\/revisions"}],"predecessor-version":[{"id":2419,"href":"https:\/\/elektrikarngranna.se\/index.php\/wp-json\/wp\/v2\/pages\/2394\/revisions\/2419"}],"wp:attachment":[{"href":"https:\/\/elektrikarngranna.se\/index.php\/wp-json\/wp\/v2\/media?parent=2394"}],"curies":[{"name":"wp","href":"https:\/\/api.w.org\/{rel}","templated":true}]}}