{"id":2317,"date":"2025-05-17T14:06:01","date_gmt":"2025-05-17T12:06:01","guid":{"rendered":"https:\/\/elektrikarngranna.se\/?page_id=2317"},"modified":"2025-05-19T09:20:04","modified_gmt":"2025-05-19T07:20:04","slug":"lantbruksinstallation","status":"publish","type":"page","link":"https:\/\/elektrikarngranna.se\/index.php\/lantbruksinstallation\/","title":{"rendered":"LANTBRUKSINSTALLATION"},"content":{"rendered":"\t\t<div data-elementor-type=\"wp-page\" data-elementor-id=\"2317\" class=\"elementor elementor-2317\">\n\t\t\t\t\t\t<section class=\"elementor-section elementor-top-section elementor-element elementor-element-619c1aba elementor-section-boxed elementor-section-height-default elementor-section-height-default\" data-id=\"619c1aba\" data-element_type=\"section\">\n\t\t\t\t\t\t<div class=\"elementor-container elementor-column-gap-default\">\n\t\t\t\t\t<div class=\"elementor-column elementor-col-100 elementor-top-column elementor-element elementor-element-2cdc0a23\" data-id=\"2cdc0a23\" data-element_type=\"column\">\n\t\t\t<div class=\"elementor-widget-wrap elementor-element-populated\">\n\t\t\t\t\t\t<div class=\"elementor-element elementor-element-622a3938 elementor-widget elementor-widget-heading\" data-id=\"622a3938\" data-element_type=\"widget\" data-widget_type=\"heading.default\">\n\t\t\t\t<div class=\"elementor-widget-container\">\n\t\t\t\t\t<h1 class=\"elementor-heading-title elementor-size-default\">Lantbruksinstallation \u2013 trygg el f\u00f6r framtidens lantbruk<\/h1>\t\t\t\t<\/div>\n\t\t\t\t<\/div>\n\t\t\t\t<div class=\"elementor-element elementor-element-43d2ba3f elementor-widget elementor-widget-image\" data-id=\"43d2ba3f\" data-element_type=\"widget\" data-widget_type=\"image.default\">\n\t\t\t\t<div class=\"elementor-widget-container\">\n\t\t\t\t\t\t\t\t\t\t\t\t\t\t\t<img fetchpriority=\"high\" decoding=\"async\" width=\"1536\" height=\"1536\" src=\"https:\/\/elektrikarngranna.se\/wp-content\/uploads\/2025\/05\/Lantbruksinstallation-Elektrikarn-Granna-1536x1536.jpg\" class=\"attachment-1536x1536 size-1536x1536 wp-image-2333\" alt=\"\" srcset=\"https:\/\/elektrikarngranna.se\/wp-content\/uploads\/2025\/05\/Lantbruksinstallation-Elektrikarn-Granna-1536x1536.jpg 1536w, https:\/\/elektrikarngranna.se\/wp-content\/uploads\/2025\/05\/Lantbruksinstallation-Elektrikarn-Granna-300x300.jpg 300w, https:\/\/elektrikarngranna.se\/wp-content\/uploads\/2025\/05\/Lantbruksinstallation-Elektrikarn-Granna-1024x1024.jpg 1024w, https:\/\/elektrikarngranna.se\/wp-content\/uploads\/2025\/05\/Lantbruksinstallation-Elektrikarn-Granna-150x150.jpg 150w, https:\/\/elektrikarngranna.se\/wp-content\/uploads\/2025\/05\/Lantbruksinstallation-Elektrikarn-Granna-768x768.jpg 768w, https:\/\/elektrikarngranna.se\/wp-content\/uploads\/2025\/05\/Lantbruksinstallation-Elektrikarn-Granna-2048x2048.jpg 2048w, https:\/\/elektrikarngranna.se\/wp-content\/uploads\/2025\/05\/Lantbruksinstallation-Elektrikarn-Granna-600x600.jpg 600w, https:\/\/elektrikarngranna.se\/wp-content\/uploads\/2025\/05\/Lantbruksinstallation-Elektrikarn-Granna-100x100.jpg 100w\" sizes=\"(max-width: 1536px) 100vw, 1536px\" \/>\t\t\t\t\t\t\t\t\t\t\t\t\t\t\t<\/div>\n\t\t\t\t<\/div>\n\t\t\t\t\t<\/div>\n\t\t<\/div>\n\t\t\t\t\t<\/div>\n\t\t<\/section>\n\t\t\t\t<section class=\"elementor-section elementor-top-section elementor-element elementor-element-7c7ff278 elementor-section-boxed elementor-section-height-default elementor-section-height-default\" data-id=\"7c7ff278\" data-element_type=\"section\">\n\t\t\t\t\t\t<div class=\"elementor-container elementor-column-gap-default\">\n\t\t\t\t\t<div class=\"elementor-column elementor-col-100 elementor-top-column elementor-element elementor-element-f94d64a\" data-id=\"f94d64a\" data-element_type=\"column\">\n\t\t\t<div class=\"elementor-widget-wrap elementor-element-populated\">\n\t\t\t\t\t\t<div class=\"elementor-element elementor-element-41639ec1 elementor-widget elementor-widget-text-editor\" data-id=\"41639ec1\" data-element_type=\"widget\" data-widget_type=\"text-editor.default\">\n\t\t\t\t<div class=\"elementor-widget-container\">\n\t\t\t\t\t\t\t\t\t<p data-start=\"255\" data-end=\"580\"><span style=\"color: #000000;\">\u00a0<\/span><\/p><p data-start=\"255\" data-end=\"580\"><span style=\"color: #000000;\">Vi p\u00e5 Elektrikarn i Gr\u00e4nna AB har l\u00e5ng erfarenhet av att arbeta med elinstallationer inom lantbruket \u2013 b\u00e5de vid nybyggnationer och i befintliga anl\u00e4ggningar. Oavsett om det g\u00e4ller ett mj\u00f6lkstall, maskinhall, torkanl\u00e4ggning eller annan lantbruksfastighet, ser vi till att elen fungerar s\u00e4kert, effektivt och h\u00e5llbart \u00f6ver tid.<\/span><\/p><p data-start=\"582\" data-end=\"937\"><span style=\"color: #000000;\">Vi f\u00f6rst\u00e5r att lantbruk har s\u00e4rskilda krav. Det handlar inte bara om att leverera el \u2013 det handlar om att f\u00f6rst\u00e5 verksamheten och skapa l\u00f6sningar som t\u00e5l tuffa milj\u00f6er, h\u00f6g belastning och samtidigt uppfyller alla s\u00e4kerhetskrav. Vi jobbar n\u00e4ra dig som lantbrukare f\u00f6r att hitta de b\u00e4sta l\u00f6sningarna, anpassade efter just din g\u00e5rds behov och framtidsplaner.<\/span><\/p><p data-start=\"939\" data-end=\"993\"><span style=\"color: #000000;\"><strong data-start=\"939\" data-end=\"993\">V\u00e5ra lantbruksinstallationer omfattar bland annat:<\/strong><\/span><\/p><ul data-start=\"994\" data-end=\"1227\"><li data-start=\"994\" data-end=\"1037\"><p data-start=\"996\" data-end=\"1037\"><span style=\"color: #000000;\">Elinstallation i ny- och ombyggnationer<\/span><\/p><\/li><li data-start=\"1038\" data-end=\"1106\"><p data-start=\"1040\" data-end=\"1106\"><span style=\"color: #000000;\">Belysningsl\u00f6sningar f\u00f6r ladug\u00e5rdar, maskinhallar och g\u00e5rdsplaner<\/span><\/p><\/li><li data-start=\"1107\" data-end=\"1152\"><p data-start=\"1109\" data-end=\"1152\"><span style=\"color: #000000;\">Kraftmatning till maskiner och torksystem<\/span><\/p><\/li><li data-start=\"1153\" data-end=\"1186\"><p data-start=\"1155\" data-end=\"1186\"><span style=\"color: #000000;\">Automatisering och styrsystem<\/span><\/p><\/li><li data-start=\"1187\" data-end=\"1227\"><p data-start=\"1189\" data-end=\"1227\"><span style=\"color: #000000;\">Reparationer, fels\u00f6kning och underh\u00e5ll<\/span><\/p><\/li><\/ul><p data-start=\"1229\" data-end=\"1393\"><span style=\"color: #000000;\">Med oss f\u00e5r du en lokal, lyh\u00f6rd och kunnig partner som s\u00e4tter kvalitet och trygghet i f\u00f6rsta rummet. Vi h\u00e5ller vad vi lovar \u2013 och vi \u00e4r inte n\u00f6jda f\u00f6rr\u00e4n du \u00e4r det.<\/span><\/p><p data-start=\"1395\" data-end=\"1506\"><span style=\"color: #000000;\">Kontakta oss g\u00e4rna s\u00e5 pratar vi mer om hur vi kan hj\u00e4lpa dig med en s\u00e4ker och smart elinstallation p\u00e5 din g\u00e5rd<\/span><\/p>\t\t\t\t\t\t\t\t<\/div>\n\t\t\t\t<\/div>\n\t\t\t\t\t<\/div>\n\t\t<\/div>\n\t\t\t\t\t<\/div>\n\t\t<\/section>\n\t\t\t\t<\/div>\n\t\t","protected":false},"excerpt":{"rendered":"Lantbruksinstallation \u2013 trygg el f\u00f6r framtidens lantbruk \u00a0 Vi p\u00e5 Elektrikarn i Gr\u00e4nna AB har l\u00e5ng erfarenhet av att arbeta med elinstallationer inom lantbruket \u2013 b\u00e5de vid nybyggnationer och i befintliga anl\u00e4ggningar. Oavsett om det g\u00e4ller ett mj\u00f6lkstall, maskinhall, torkanl\u00e4ggning eller annan lantbruksfastighet, ser vi till att elen fungerar s\u00e4kert, effektivt och h\u00e5llbart \u00f6ver tid&#8230;.","protected":false},"author":1,"featured_media":0,"parent":0,"menu_order":0,"comment_status":"closed","ping_status":"closed","template":"","meta":{"iawp_total_views":8,"footnotes":""},"class_list":["post-2317","page","type-page","status-publish","hentry"],"_links":{"self":[{"href":"https:\/\/elektrikarngranna.se\/index.php\/wp-json\/wp\/v2\/pages\/2317","targetHints":{"allow":["GET"]}}],"collection":[{"href":"https:\/\/elektrikarngranna.se\/index.php\/wp-json\/wp\/v2\/pages"}],"about":[{"href":"https:\/\/elektrikarngranna.se\/index.php\/wp-json\/wp\/v2\/types\/page"}],"author":[{"embeddable":true,"href":"https:\/\/elektrikarngranna.se\/index.php\/wp-json\/wp\/v2\/users\/1"}],"replies":[{"embeddable":true,"href":"https:\/\/elektrikarngranna.se\/index.php\/wp-json\/wp\/v2\/comments?post=2317"}],"version-history":[{"count":10,"href":"https:\/\/elektrikarngranna.se\/index.php\/wp-json\/wp\/v2\/pages\/2317\/revisions"}],"predecessor-version":[{"id":2336,"href":"https:\/\/elektrikarngranna.se\/index.php\/wp-json\/wp\/v2\/pages\/2317\/revisions\/2336"}],"wp:attachment":[{"href":"https:\/\/elektrikarngranna.se\/index.php\/wp-json\/wp\/v2\/media?parent=2317"}],"curies":[{"name":"wp","href":"https:\/\/api.w.org\/{rel}","templated":true}]}}