{"id":1544,"date":"2025-05-07T13:20:00","date_gmt":"2025-05-07T11:20:00","guid":{"rendered":"https:\/\/elektrikarngranna.se\/?page_id=1544"},"modified":"2025-05-13T14:08:21","modified_gmt":"2025-05-13T12:08:21","slug":"solceller-energilosningar","status":"publish","type":"page","link":"https:\/\/elektrikarngranna.se\/index.php\/solceller-energilosningar\/","title":{"rendered":"SOLCELLER &amp; ENERGIL\u00d6SNINGAR"},"content":{"rendered":"\t\t<div data-elementor-type=\"wp-page\" data-elementor-id=\"1544\" class=\"elementor elementor-1544\">\n\t\t\t\t\t\t<section class=\"elementor-section elementor-top-section elementor-element elementor-element-3b6d2021 elementor-section-boxed elementor-section-height-default elementor-section-height-default\" data-id=\"3b6d2021\" data-element_type=\"section\">\n\t\t\t\t\t\t<div class=\"elementor-container elementor-column-gap-default\">\n\t\t\t\t\t<div class=\"elementor-column elementor-col-100 elementor-top-column elementor-element elementor-element-17370e9c\" data-id=\"17370e9c\" data-element_type=\"column\">\n\t\t\t<div class=\"elementor-widget-wrap elementor-element-populated\">\n\t\t\t\t\t\t<div class=\"elementor-element elementor-element-224e0b31 elementor-widget elementor-widget-heading\" data-id=\"224e0b31\" data-element_type=\"widget\" data-widget_type=\"heading.default\">\n\t\t\t\t<div class=\"elementor-widget-container\">\n\t\t\t\t\t<h1 class=\"elementor-heading-title elementor-size-default\">Solceller &amp; Energil\u00f6sningar<\/h1>\t\t\t\t<\/div>\n\t\t\t\t<\/div>\n\t\t\t\t<div class=\"elementor-element elementor-element-3938e78 elementor-widget elementor-widget-image\" data-id=\"3938e78\" data-element_type=\"widget\" data-widget_type=\"image.default\">\n\t\t\t\t<div class=\"elementor-widget-container\">\n\t\t\t\t\t\t\t\t\t\t\t\t\t\t\t<img fetchpriority=\"high\" decoding=\"async\" width=\"1536\" height=\"1152\" src=\"https:\/\/elektrikarngranna.se\/wp-content\/uploads\/2025\/05\/Solceller-Elektrikarn-Granna-1536x1152.jpg\" class=\"attachment-1536x1536 size-1536x1536 wp-image-1719\" alt=\"Solceller Elektrikarn i Gr\u00e4nna\" srcset=\"https:\/\/elektrikarngranna.se\/wp-content\/uploads\/2025\/05\/Solceller-Elektrikarn-Granna-1536x1152.jpg 1536w, https:\/\/elektrikarngranna.se\/wp-content\/uploads\/2025\/05\/Solceller-Elektrikarn-Granna-300x225.jpg 300w, https:\/\/elektrikarngranna.se\/wp-content\/uploads\/2025\/05\/Solceller-Elektrikarn-Granna-1024x768.jpg 1024w, https:\/\/elektrikarngranna.se\/wp-content\/uploads\/2025\/05\/Solceller-Elektrikarn-Granna-768x576.jpg 768w, https:\/\/elektrikarngranna.se\/wp-content\/uploads\/2025\/05\/Solceller-Elektrikarn-Granna-600x450.jpg 600w, https:\/\/elektrikarngranna.se\/wp-content\/uploads\/2025\/05\/Solceller-Elektrikarn-Granna.jpg 1920w\" sizes=\"(max-width: 1536px) 100vw, 1536px\" \/>\t\t\t\t\t\t\t\t\t\t\t\t\t\t\t<\/div>\n\t\t\t\t<\/div>\n\t\t\t\t\t<\/div>\n\t\t<\/div>\n\t\t\t\t\t<\/div>\n\t\t<\/section>\n\t\t\t\t<section class=\"elementor-section elementor-top-section elementor-element elementor-element-3771801 elementor-section-boxed elementor-section-height-default elementor-section-height-default\" data-id=\"3771801\" data-element_type=\"section\">\n\t\t\t\t\t\t<div class=\"elementor-container elementor-column-gap-default\">\n\t\t\t\t\t<div class=\"elementor-column elementor-col-100 elementor-top-column elementor-element elementor-element-7f0a5f56\" data-id=\"7f0a5f56\" data-element_type=\"column\">\n\t\t\t<div class=\"elementor-widget-wrap elementor-element-populated\">\n\t\t\t\t\t\t<div class=\"elementor-element elementor-element-34dffb9c elementor-widget elementor-widget-text-editor\" data-id=\"34dffb9c\" data-element_type=\"widget\" data-widget_type=\"text-editor.default\">\n\t\t\t\t<div class=\"elementor-widget-container\">\n\t\t\t\t\t\t\t\t\t<p><strong data-start=\"4041\" data-end=\"4100\">Framtidens energi \u2013 vi f\u00f6rbereder din fastighet f\u00f6r sol<\/strong><\/p><p><br data-start=\"4100\" data-end=\"4103\" \/>Planerar du att installera solceller? Vi p\u00e5 Elektrikarn i Gr\u00e4nna hj\u00e4lper dig med eldragning, inkoppling och anpassning av din elanl\u00e4ggning s\u00e5 att du \u00e4r redo att ta tillvara p\u00e5 solens kraft. Vi installerar \u00e4ven batteril\u00f6sningar och smarta system f\u00f6r energihantering. Oavsett om du bor i en villa i Huskvarna eller driver verksamhet p\u00e5 Visings\u00f6, ser vi till att din elinstallation \u00e4r s\u00e4ker, h\u00e5llbar och anpassad f\u00f6r framtidens energibehov.<\/p>\t\t\t\t\t\t\t\t<\/div>\n\t\t\t\t<\/div>\n\t\t\t\t\t<\/div>\n\t\t<\/div>\n\t\t\t\t\t<\/div>\n\t\t<\/section>\n\t\t\t\t<section class=\"elementor-section elementor-top-section elementor-element elementor-element-5582bd7e elementor-section-boxed elementor-section-height-default elementor-section-height-default\" data-id=\"5582bd7e\" data-element_type=\"section\">\n\t\t\t\t\t\t<div class=\"elementor-container elementor-column-gap-default\">\n\t\t\t\t\t<div class=\"elementor-column elementor-col-100 elementor-top-column elementor-element elementor-element-6b3eb3bc\" data-id=\"6b3eb3bc\" data-element_type=\"column\">\n\t\t\t<div class=\"elementor-widget-wrap elementor-element-populated\">\n\t\t\t\t\t\t<div class=\"elementor-element elementor-element-30e94d8b elementor-widget elementor-widget-heading\" data-id=\"30e94d8b\" data-element_type=\"widget\" data-widget_type=\"heading.default\">\n\t\t\t\t<div class=\"elementor-widget-container\">\n\t\t\t\t\t<h2 class=\"elementor-heading-title elementor-size-default\">Kontakta din elektriker<\/h2>\t\t\t\t<\/div>\n\t\t\t\t<\/div>\n\t\t\t\t\t<\/div>\n\t\t<\/div>\n\t\t\t\t\t<\/div>\n\t\t<\/section>\n\t\t\t\t<section class=\"elementor-section elementor-top-section elementor-element elementor-element-63d734ed elementor-section-boxed elementor-section-height-default elementor-section-height-default\" data-id=\"63d734ed\" data-element_type=\"section\">\n\t\t\t\t\t\t<div class=\"elementor-container elementor-column-gap-default\">\n\t\t\t\t\t<div class=\"elementor-column elementor-col-100 elementor-top-column elementor-element elementor-element-3058bb8b\" data-id=\"3058bb8b\" data-element_type=\"column\">\n\t\t\t<div class=\"elementor-widget-wrap elementor-element-populated\">\n\t\t\t\t\t\t<div class=\"elementor-element elementor-element-78ea99ce elementor-widget elementor-widget-vt-windfall_team\" data-id=\"78ea99ce\" data-element_type=\"widget\" data-settings=\"{&quot;team_column&quot;:&quot;col-3&quot;}\" data-widget_type=\"vt-windfall_team.default\">\n\t\t\t\t<div class=\"elementor-widget-container\">\n\t\t\t\t\t\t\t<div class=\"wndfal-team\">\n\t\t  <div class=\"container\">\n\t\t    <div class=\"row\">\n\t\t\t\t\t\t\t\t\t\t\t<div class=\"col-xl-4 col-sm-6\">\n\t\t\t        <div class=\"mate-item\">\n\t\t\t          \t\t\t\t        \t<div class=\"wndfal-image\"><a href=\"https:\/\/elektrikarngranna.se\/index.php\/vi%20som%20jobbar\/hannes-kjellberg\/\"><img decoding=\"async\" src=\"https:\/\/elektrikarngranna.se\/wp-content\/uploads\/2019\/04\/Skarmavbild-2025-05-02-kl.-14.46.50-353x220.png\" alt=\"Hannes Kjellberg\"><\/a><\/div>\n\t\t\t\t        \t\t\t          <div class=\"mate-info\">\n\t\t\t            <h6 class=\"mate-designation\">Elektriker<\/h6>\t\t\t            <h4 class=\"mate-name\"><a href=\"https:\/\/elektrikarngranna.se\/index.php\/vi%20som%20jobbar\/hannes-kjellberg\/\">Hannes Kjellberg<\/a><\/h4>\n\t\t\t            \t\t\t\t\t        \t<ul>\n\t\t\t                \t\t\t                  <li><i class=\"fa fa-phone\" aria-hidden=\"true\"><\/i><a href=\"tel:0733%2039%2080%2034\" target=\"_blank\">0733 39 80 34<\/a><\/li>\n\t\t\t                \t\t\t                  <li><i class=\"fa fa-envelope-o\" aria-hidden=\"true\"><\/i><a href=\"mailto:%20hannes@elektrikarngranna.se\" target=\"_blank\">hannes@elektrikarngranna.se<\/a><\/li>\n\t\t\t                \t\t\t            \t<\/ul>\n\t\t\t            \t\t\t            <div class=\"mate-meta\">\n\t\t\t              <div class=\"row align-items-center\">\n\t\t\t                <div class=\"col-6 social-title\">Meet me on:<\/div>\n\t\t\t                \t\t\t\t\t\t\t        \t<div class=\"col-6\">\n\t\t\t\t                  <div class=\"wndfal-social\">\n\t\t\t\t                    \t\t\t\t                    \t<a href=\"#0\"><i class=\"fa fa-facebook-square\"><\/i><\/a>\n\t\t\t\t\t                  \t\t\t\t                \t<\/div>\n\t\t\t                \t<\/div>\n\t\t\t                \t\t\t              <\/div>\n\t\t\t            <\/div>\n\t\t\t          <\/div>\n\t\t\t        <\/div>\n\t\t\t      <\/div>\n\t\t\t\t\t\t\t\t\t\t\t\t<div class=\"col-xl-4 col-sm-6\">\n\t\t\t        <div class=\"mate-item\">\n\t\t\t          \t\t\t\t        \t<div class=\"wndfal-image\"><a href=\"https:\/\/elektrikarngranna.se\/index.php\/vi%20som%20jobbar\/gustav-ekstrom\/\"><img decoding=\"async\" src=\"https:\/\/elektrikarngranna.se\/wp-content\/uploads\/2019\/04\/Skarmavbild-2025-05-02-kl.-14.46.50-353x220.png\" alt=\"Gustav Ekstr\u00f6m\"><\/a><\/div>\n\t\t\t\t        \t\t\t          <div class=\"mate-info\">\n\t\t\t            <h6 class=\"mate-designation\">Elektriker<\/h6>\t\t\t            <h4 class=\"mate-name\"><a href=\"https:\/\/elektrikarngranna.se\/index.php\/vi%20som%20jobbar\/gustav-ekstrom\/\">Gustav Ekstr\u00f6m<\/a><\/h4>\n\t\t\t            \t\t\t\t\t        \t<ul>\n\t\t\t                \t\t\t                  <li><i class=\"fa fa-phone\" aria-hidden=\"true\"><\/i><a href=\"tel:0733%2034%2081%2052\" target=\"_blank\">0733 34 81 52<\/a><\/li>\n\t\t\t                \t\t\t                  <li><i class=\"fa fa-envelope-o\" aria-hidden=\"true\"><\/i><a href=\"mailto:%20gustav@elektrikarngranna.se\" target=\"_blank\">gustav@elektrikarngranna.se<\/a><\/li>\n\t\t\t                \t\t\t            \t<\/ul>\n\t\t\t            \t\t\t            <div class=\"mate-meta\">\n\t\t\t              <div class=\"row align-items-center\">\n\t\t\t                <div class=\"col-6 social-title\">Meet me on:<\/div>\n\t\t\t                \t\t\t\t\t\t\t        \t<div class=\"col-6\">\n\t\t\t\t                  <div class=\"wndfal-social\">\n\t\t\t\t                    \t\t\t\t                    \t<a href=\"https:\/\/www.facebook.com\/profile.php?id=61573181971955\"><i class=\"fa fa-facebook-square\"><\/i><\/a>\n\t\t\t\t\t                  \t\t\t\t                    \t<a href=\"http:\/\/instagram.com\"><i class=\"fa fa-instagram\"><\/i><\/a>\n\t\t\t\t\t                  \t\t\t\t                \t<\/div>\n\t\t\t                \t<\/div>\n\t\t\t                \t\t\t              <\/div>\n\t\t\t            <\/div>\n\t\t\t          <\/div>\n\t\t\t        <\/div>\n\t\t\t      <\/div>\n\t\t\t\t\t\t\t\t  \t<\/div>\n\t\t  <\/div>\n\t\t<\/div> <!-- team End -->\n\t\t\t\t\t\t<\/div>\n\t\t\t\t<\/div>\n\t\t\t\t\t<\/div>\n\t\t<\/div>\n\t\t\t\t\t<\/div>\n\t\t<\/section>\n\t\t\t\t<section class=\"elementor-section elementor-top-section elementor-element elementor-element-53f56c84 elementor-section-boxed elementor-section-height-default elementor-section-height-default\" data-id=\"53f56c84\" data-element_type=\"section\">\n\t\t\t\t\t\t<div class=\"elementor-container elementor-column-gap-default\">\n\t\t\t\t\t<div class=\"elementor-column elementor-col-100 elementor-top-column elementor-element elementor-element-16cb8542\" data-id=\"16cb8542\" data-element_type=\"column\">\n\t\t\t<div class=\"elementor-widget-wrap elementor-element-populated\">\n\t\t\t\t\t\t<div class=\"elementor-element elementor-element-48f86698 elementor-widget elementor-widget-vt-windfall_contact_form\" data-id=\"48f86698\" data-element_type=\"widget\" data-widget_type=\"vt-windfall_contact_form.default\">\n\t\t\t\t<div class=\"elementor-widget-container\">\n\t\t\t\t\t<div class=\" wndfal-contact-form wndfal-form wndfal-cntat-form\"><h3 class=\"appointment-title\">Request a Free Quote<\/h3><p class=\"wpcf7-contact-form-not-found\"><strong>Fel:<\/strong> Kontaktformul\u00e4r hittades inte.<\/p><\/div>\t\t\t\t<\/div>\n\t\t\t\t<\/div>\n\t\t\t\t\t<\/div>\n\t\t<\/div>\n\t\t\t\t\t<\/div>\n\t\t<\/section>\n\t\t\t\t<\/div>\n\t\t","protected":false},"excerpt":{"rendered":"Solceller &amp; Energil\u00f6sningar Framtidens energi \u2013 vi f\u00f6rbereder din fastighet f\u00f6r sol Planerar du att installera solceller? Vi p\u00e5 Elektrikarn i Gr\u00e4nna hj\u00e4lper dig med eldragning, inkoppling och anpassning av din elanl\u00e4ggning s\u00e5 att du \u00e4r redo att ta tillvara p\u00e5 solens kraft. Vi installerar \u00e4ven batteril\u00f6sningar och smarta system f\u00f6r energihantering. Oavsett om du&#8230;","protected":false},"author":1,"featured_media":0,"parent":0,"menu_order":0,"comment_status":"closed","ping_status":"closed","template":"","meta":{"iawp_total_views":9,"footnotes":""},"class_list":["post-1544","page","type-page","status-publish","hentry"],"_links":{"self":[{"href":"https:\/\/elektrikarngranna.se\/index.php\/wp-json\/wp\/v2\/pages\/1544","targetHints":{"allow":["GET"]}}],"collection":[{"href":"https:\/\/elektrikarngranna.se\/index.php\/wp-json\/wp\/v2\/pages"}],"about":[{"href":"https:\/\/elektrikarngranna.se\/index.php\/wp-json\/wp\/v2\/types\/page"}],"author":[{"embeddable":true,"href":"https:\/\/elektrikarngranna.se\/index.php\/wp-json\/wp\/v2\/users\/1"}],"replies":[{"embeddable":true,"href":"https:\/\/elektrikarngranna.se\/index.php\/wp-json\/wp\/v2\/comments?post=1544"}],"version-history":[{"count":13,"href":"https:\/\/elektrikarngranna.se\/index.php\/wp-json\/wp\/v2\/pages\/1544\/revisions"}],"predecessor-version":[{"id":2023,"href":"https:\/\/elektrikarngranna.se\/index.php\/wp-json\/wp\/v2\/pages\/1544\/revisions\/2023"}],"wp:attachment":[{"href":"https:\/\/elektrikarngranna.se\/index.php\/wp-json\/wp\/v2\/media?parent=1544"}],"curies":[{"name":"wp","href":"https:\/\/api.w.org\/{rel}","templated":true}]}}