{"id":1524,"date":"2025-05-07T13:11:48","date_gmt":"2025-05-07T11:11:48","guid":{"rendered":"https:\/\/elektrikarngranna.se\/?page_id=1524"},"modified":"2025-05-13T14:07:51","modified_gmt":"2025-05-13T12:07:51","slug":"renovering-ombyggnad","status":"publish","type":"page","link":"https:\/\/elektrikarngranna.se\/index.php\/renovering-ombyggnad\/","title":{"rendered":"RENOVERING &amp; OMBYGGNAD"},"content":{"rendered":"\t\t<div data-elementor-type=\"wp-page\" data-elementor-id=\"1524\" class=\"elementor elementor-1524\">\n\t\t\t\t\t\t<section class=\"elementor-section elementor-top-section elementor-element elementor-element-752610e7 elementor-section-boxed elementor-section-height-default elementor-section-height-default\" data-id=\"752610e7\" data-element_type=\"section\">\n\t\t\t\t\t\t<div class=\"elementor-container elementor-column-gap-default\">\n\t\t\t\t\t<div class=\"elementor-column elementor-col-100 elementor-top-column elementor-element elementor-element-5b35c6ca\" data-id=\"5b35c6ca\" data-element_type=\"column\">\n\t\t\t<div class=\"elementor-widget-wrap elementor-element-populated\">\n\t\t\t\t\t\t<div class=\"elementor-element elementor-element-5e44acd4 elementor-widget elementor-widget-heading\" data-id=\"5e44acd4\" data-element_type=\"widget\" data-widget_type=\"heading.default\">\n\t\t\t\t<div class=\"elementor-widget-container\">\n\t\t\t\t\t<h1 class=\"elementor-heading-title elementor-size-default\">Elinstallationer vid renoveringar &amp; ombyggnationer<\/h1>\t\t\t\t<\/div>\n\t\t\t\t<\/div>\n\t\t\t\t\t<\/div>\n\t\t<\/div>\n\t\t\t\t\t<\/div>\n\t\t<\/section>\n\t\t\t\t<section class=\"elementor-section elementor-top-section elementor-element elementor-element-4c400dbd elementor-section-boxed elementor-section-height-default elementor-section-height-default\" data-id=\"4c400dbd\" data-element_type=\"section\">\n\t\t\t\t\t\t<div class=\"elementor-container elementor-column-gap-default\">\n\t\t\t\t\t<div class=\"elementor-column elementor-col-100 elementor-top-column elementor-element elementor-element-7feba770\" data-id=\"7feba770\" data-element_type=\"column\">\n\t\t\t<div class=\"elementor-widget-wrap elementor-element-populated\">\n\t\t\t\t\t\t<div class=\"elementor-element elementor-element-ab3e622 elementor-widget elementor-widget-image\" data-id=\"ab3e622\" data-element_type=\"widget\" data-widget_type=\"image.default\">\n\t\t\t\t<div class=\"elementor-widget-container\">\n\t\t\t\t\t\t\t\t\t\t\t\t\t\t\t<img fetchpriority=\"high\" decoding=\"async\" width=\"1536\" height=\"1018\" src=\"https:\/\/elektrikarngranna.se\/wp-content\/uploads\/2025\/05\/Renovering-Ombyggnationer-Elektrikarn-Granna-1536x1018.jpg\" class=\"attachment-1536x1536 size-1536x1536 wp-image-1536\" alt=\"\" srcset=\"https:\/\/elektrikarngranna.se\/wp-content\/uploads\/2025\/05\/Renovering-Ombyggnationer-Elektrikarn-Granna-1536x1018.jpg 1536w, https:\/\/elektrikarngranna.se\/wp-content\/uploads\/2025\/05\/Renovering-Ombyggnationer-Elektrikarn-Granna-300x199.jpg 300w, https:\/\/elektrikarngranna.se\/wp-content\/uploads\/2025\/05\/Renovering-Ombyggnationer-Elektrikarn-Granna-1024x678.jpg 1024w, https:\/\/elektrikarngranna.se\/wp-content\/uploads\/2025\/05\/Renovering-Ombyggnationer-Elektrikarn-Granna-768x509.jpg 768w, https:\/\/elektrikarngranna.se\/wp-content\/uploads\/2025\/05\/Renovering-Ombyggnationer-Elektrikarn-Granna-600x398.jpg 600w, https:\/\/elektrikarngranna.se\/wp-content\/uploads\/2025\/05\/Renovering-Ombyggnationer-Elektrikarn-Granna.jpg 1920w\" sizes=\"(max-width: 1536px) 100vw, 1536px\" \/>\t\t\t\t\t\t\t\t\t\t\t\t\t\t\t<\/div>\n\t\t\t\t<\/div>\n\t\t\t\t<div class=\"elementor-element elementor-element-754979e9 elementor-widget elementor-widget-text-editor\" data-id=\"754979e9\" data-element_type=\"widget\" data-widget_type=\"text-editor.default\">\n\t\t\t\t<div class=\"elementor-widget-container\">\n\t\t\t\t\t\t\t\t\t<p><strong data-start=\"2248\" data-end=\"2293\">Elinstallationer i samband med renovering, ombyggnationer och nybyggnationer.&nbsp;<\/strong><\/p>\n<p><br data-start=\"2293\" data-end=\"2296\">N\u00e4r du bygger om hemma \u2013 oavsett om det g\u00e4ller k\u00f6ket, badrummet eller hela huset \u2013 \u00e4r det viktigt att elen anpassas till dina nya behov. Vi p\u00e5 Elektrikarn i Gr\u00e4nna har stor vana av elarbeten i samband med renovering. Vi hj\u00e4lper dig att planera eldragningen, uppdatera centralen om det beh\u00f6vs och installera eluttag, belysning och v\u00e4rmel\u00f6sningar. Vi arbetar g\u00e4rna i samverkan med andra hantverkare f\u00f6r att skapa ett smidigt och tryggt projekt \u2013 fr\u00e5n f\u00f6rsta planering till f\u00e4rdigt resultat, i hela omr\u00e5det fr\u00e5n Visings\u00f6 till J\u00f6nk\u00f6ping.<\/p>\t\t\t\t\t\t\t\t<\/div>\n\t\t\t\t<\/div>\n\t\t\t\t\t<\/div>\n\t\t<\/div>\n\t\t\t\t\t<\/div>\n\t\t<\/section>\n\t\t\t\t<section class=\"elementor-section elementor-top-section elementor-element elementor-element-2d45ea4 elementor-section-boxed elementor-section-height-default elementor-section-height-default\" data-id=\"2d45ea4\" data-element_type=\"section\">\n\t\t\t\t\t\t<div class=\"elementor-container elementor-column-gap-default\">\n\t\t\t\t\t<div class=\"elementor-column elementor-col-100 elementor-top-column elementor-element elementor-element-71c509e9\" data-id=\"71c509e9\" data-element_type=\"column\">\n\t\t\t<div class=\"elementor-widget-wrap elementor-element-populated\">\n\t\t\t\t\t\t<div class=\"elementor-element elementor-element-6c088be5 elementor-widget elementor-widget-heading\" data-id=\"6c088be5\" data-element_type=\"widget\" data-widget_type=\"heading.default\">\n\t\t\t\t<div class=\"elementor-widget-container\">\n\t\t\t\t\t<h2 class=\"elementor-heading-title elementor-size-default\">Kontaka v\u00e5ra elektriker<\/h2>\t\t\t\t<\/div>\n\t\t\t\t<\/div>\n\t\t\t\t\t<\/div>\n\t\t<\/div>\n\t\t\t\t\t<\/div>\n\t\t<\/section>\n\t\t\t\t<section class=\"elementor-section elementor-top-section elementor-element elementor-element-3f909b17 elementor-section-boxed elementor-section-height-default elementor-section-height-default\" data-id=\"3f909b17\" data-element_type=\"section\">\n\t\t\t\t\t\t<div class=\"elementor-container elementor-column-gap-default\">\n\t\t\t\t\t<div class=\"elementor-column elementor-col-100 elementor-top-column elementor-element elementor-element-12346b01\" data-id=\"12346b01\" data-element_type=\"column\">\n\t\t\t<div class=\"elementor-widget-wrap elementor-element-populated\">\n\t\t\t\t\t\t<div class=\"elementor-element elementor-element-20b8276d elementor-widget elementor-widget-vt-windfall_team\" data-id=\"20b8276d\" data-element_type=\"widget\" data-settings=\"{&quot;team_column&quot;:&quot;col-3&quot;}\" data-widget_type=\"vt-windfall_team.default\">\n\t\t\t\t<div class=\"elementor-widget-container\">\n\t\t\t\t\t\t\t<div class=\"wndfal-team\">\n\t\t  <div class=\"container\">\n\t\t    <div class=\"row\">\n\t\t\t\t\t\t\t\t\t\t\t<div class=\"col-xl-4 col-sm-6\">\n\t\t\t        <div class=\"mate-item\">\n\t\t\t          \t\t\t\t        \t<div class=\"wndfal-image\"><a href=\"https:\/\/elektrikarngranna.se\/index.php\/vi%20som%20jobbar\/hannes-kjellberg\/\"><img decoding=\"async\" src=\"https:\/\/elektrikarngranna.se\/wp-content\/uploads\/2019\/04\/Skarmavbild-2025-05-02-kl.-14.46.50-353x220.png\" alt=\"Hannes Kjellberg\"><\/a><\/div>\n\t\t\t\t        \t\t\t          <div class=\"mate-info\">\n\t\t\t            <h6 class=\"mate-designation\">Elektriker<\/h6>\t\t\t            <h4 class=\"mate-name\"><a href=\"https:\/\/elektrikarngranna.se\/index.php\/vi%20som%20jobbar\/hannes-kjellberg\/\">Hannes Kjellberg<\/a><\/h4>\n\t\t\t            \t\t\t\t\t        \t<ul>\n\t\t\t                \t\t\t                  <li><i class=\"fa fa-phone\" aria-hidden=\"true\"><\/i><a href=\"tel:0733%2039%2080%2034\" target=\"_blank\">0733 39 80 34<\/a><\/li>\n\t\t\t                \t\t\t                  <li><i class=\"fa fa-envelope-o\" aria-hidden=\"true\"><\/i><a href=\"mailto:%20hannes@elektrikarngranna.se\" target=\"_blank\">hannes@elektrikarngranna.se<\/a><\/li>\n\t\t\t                \t\t\t            \t<\/ul>\n\t\t\t            \t\t\t            <div class=\"mate-meta\">\n\t\t\t              <div class=\"row align-items-center\">\n\t\t\t                <div class=\"col-6 social-title\">Meet me on:<\/div>\n\t\t\t                \t\t\t\t\t\t\t        \t<div class=\"col-6\">\n\t\t\t\t                  <div class=\"wndfal-social\">\n\t\t\t\t                    \t\t\t\t                    \t<a href=\"#0\"><i class=\"fa fa-facebook-square\"><\/i><\/a>\n\t\t\t\t\t                  \t\t\t\t                \t<\/div>\n\t\t\t                \t<\/div>\n\t\t\t                \t\t\t              <\/div>\n\t\t\t            <\/div>\n\t\t\t          <\/div>\n\t\t\t        <\/div>\n\t\t\t      <\/div>\n\t\t\t\t\t\t\t\t\t\t\t\t<div class=\"col-xl-4 col-sm-6\">\n\t\t\t        <div class=\"mate-item\">\n\t\t\t          \t\t\t\t        \t<div class=\"wndfal-image\"><a href=\"https:\/\/elektrikarngranna.se\/index.php\/vi%20som%20jobbar\/gustav-ekstrom\/\"><img decoding=\"async\" src=\"https:\/\/elektrikarngranna.se\/wp-content\/uploads\/2019\/04\/Skarmavbild-2025-05-02-kl.-14.46.50-353x220.png\" alt=\"Gustav Ekstr\u00f6m\"><\/a><\/div>\n\t\t\t\t        \t\t\t          <div class=\"mate-info\">\n\t\t\t            <h6 class=\"mate-designation\">Elektriker<\/h6>\t\t\t            <h4 class=\"mate-name\"><a href=\"https:\/\/elektrikarngranna.se\/index.php\/vi%20som%20jobbar\/gustav-ekstrom\/\">Gustav Ekstr\u00f6m<\/a><\/h4>\n\t\t\t            \t\t\t\t\t        \t<ul>\n\t\t\t                \t\t\t                  <li><i class=\"fa fa-phone\" aria-hidden=\"true\"><\/i><a href=\"tel:0733%2034%2081%2052\" target=\"_blank\">0733 34 81 52<\/a><\/li>\n\t\t\t                \t\t\t                  <li><i class=\"fa fa-envelope-o\" aria-hidden=\"true\"><\/i><a href=\"mailto:%20gustav@elektrikarngranna.se\" target=\"_blank\">gustav@elektrikarngranna.se<\/a><\/li>\n\t\t\t                \t\t\t            \t<\/ul>\n\t\t\t            \t\t\t            <div class=\"mate-meta\">\n\t\t\t              <div class=\"row align-items-center\">\n\t\t\t                <div class=\"col-6 social-title\">Meet me on:<\/div>\n\t\t\t                \t\t\t\t\t\t\t        \t<div class=\"col-6\">\n\t\t\t\t                  <div class=\"wndfal-social\">\n\t\t\t\t                    \t\t\t\t                    \t<a href=\"https:\/\/www.facebook.com\/profile.php?id=61573181971955\"><i class=\"fa fa-facebook-square\"><\/i><\/a>\n\t\t\t\t\t                  \t\t\t\t                    \t<a href=\"http:\/\/instagram.com\"><i class=\"fa fa-instagram\"><\/i><\/a>\n\t\t\t\t\t                  \t\t\t\t                \t<\/div>\n\t\t\t                \t<\/div>\n\t\t\t                \t\t\t              <\/div>\n\t\t\t            <\/div>\n\t\t\t          <\/div>\n\t\t\t        <\/div>\n\t\t\t      <\/div>\n\t\t\t\t\t\t\t\t  \t<\/div>\n\t\t  <\/div>\n\t\t<\/div> <!-- team End -->\n\t\t\t\t\t\t<\/div>\n\t\t\t\t<\/div>\n\t\t\t\t\t<\/div>\n\t\t<\/div>\n\t\t\t\t\t<\/div>\n\t\t<\/section>\n\t\t\t\t<section class=\"elementor-section elementor-top-section elementor-element elementor-element-219ed2d elementor-section-boxed elementor-section-height-default elementor-section-height-default\" data-id=\"219ed2d\" data-element_type=\"section\">\n\t\t\t\t\t\t<div class=\"elementor-container elementor-column-gap-default\">\n\t\t\t\t\t<div class=\"elementor-column elementor-col-100 elementor-top-column elementor-element elementor-element-7cad350c\" data-id=\"7cad350c\" data-element_type=\"column\">\n\t\t\t<div class=\"elementor-widget-wrap elementor-element-populated\">\n\t\t\t\t\t\t<div class=\"elementor-element elementor-element-5045a0a5 elementor-widget elementor-widget-vt-windfall_contact_form\" data-id=\"5045a0a5\" data-element_type=\"widget\" data-widget_type=\"vt-windfall_contact_form.default\">\n\t\t\t\t<div class=\"elementor-widget-container\">\n\t\t\t\t\t<div class=\" wndfal-contact-form wndfal-form wndfal-cntat-form\"><h3 class=\"appointment-title\">Request a Free Quote<\/h3><p class=\"wpcf7-contact-form-not-found\"><strong>Fel:<\/strong> Kontaktformul\u00e4r hittades inte.<\/p><\/div>\t\t\t\t<\/div>\n\t\t\t\t<\/div>\n\t\t\t\t\t<\/div>\n\t\t<\/div>\n\t\t\t\t\t<\/div>\n\t\t<\/section>\n\t\t\t\t<\/div>\n\t\t","protected":false},"excerpt":{"rendered":"Elinstallationer vid renoveringar &#038; ombyggnationer Elinstallationer i samband med renovering, ombyggnationer och nybyggnationer.&nbsp; N\u00e4r du bygger om hemma \u2013 oavsett om det g\u00e4ller k\u00f6ket, badrummet eller hela huset \u2013 \u00e4r det viktigt att elen anpassas till dina nya behov. Vi p\u00e5 Elektrikarn i Gr\u00e4nna har stor vana av elarbeten i samband med renovering. Vi hj\u00e4lper&#8230;","protected":false},"author":1,"featured_media":0,"parent":0,"menu_order":0,"comment_status":"closed","ping_status":"closed","template":"","meta":{"iawp_total_views":13,"footnotes":""},"class_list":["post-1524","page","type-page","status-publish","hentry"],"_links":{"self":[{"href":"https:\/\/elektrikarngranna.se\/index.php\/wp-json\/wp\/v2\/pages\/1524","targetHints":{"allow":["GET"]}}],"collection":[{"href":"https:\/\/elektrikarngranna.se\/index.php\/wp-json\/wp\/v2\/pages"}],"about":[{"href":"https:\/\/elektrikarngranna.se\/index.php\/wp-json\/wp\/v2\/types\/page"}],"author":[{"embeddable":true,"href":"https:\/\/elektrikarngranna.se\/index.php\/wp-json\/wp\/v2\/users\/1"}],"replies":[{"embeddable":true,"href":"https:\/\/elektrikarngranna.se\/index.php\/wp-json\/wp\/v2\/comments?post=1524"}],"version-history":[{"count":19,"href":"https:\/\/elektrikarngranna.se\/index.php\/wp-json\/wp\/v2\/pages\/1524\/revisions"}],"predecessor-version":[{"id":2020,"href":"https:\/\/elektrikarngranna.se\/index.php\/wp-json\/wp\/v2\/pages\/1524\/revisions\/2020"}],"wp:attachment":[{"href":"https:\/\/elektrikarngranna.se\/index.php\/wp-json\/wp\/v2\/media?parent=1524"}],"curies":[{"name":"wp","href":"https:\/\/api.w.org\/{rel}","templated":true}]}}