{"id":1505,"date":"2025-05-07T13:04:34","date_gmt":"2025-05-07T11:04:34","guid":{"rendered":"https:\/\/elektrikarngranna.se\/?page_id=1505"},"modified":"2025-05-13T14:02:01","modified_gmt":"2025-05-13T12:02:01","slug":"elservice-felsokning","status":"publish","type":"page","link":"https:\/\/elektrikarngranna.se\/index.php\/elservice-felsokning\/","title":{"rendered":"ELSERVICE &amp; FELS\u00d6KNING"},"content":{"rendered":"\t\t<div data-elementor-type=\"wp-page\" data-elementor-id=\"1505\" class=\"elementor elementor-1505\">\n\t\t\t\t\t\t<section class=\"elementor-section elementor-top-section elementor-element elementor-element-848d495 elementor-section-boxed elementor-section-height-default elementor-section-height-default\" data-id=\"848d495\" data-element_type=\"section\">\n\t\t\t\t\t\t<div class=\"elementor-container elementor-column-gap-default\">\n\t\t\t\t\t<div class=\"elementor-column elementor-col-100 elementor-top-column elementor-element elementor-element-2cb71112\" data-id=\"2cb71112\" data-element_type=\"column\">\n\t\t\t<div class=\"elementor-widget-wrap elementor-element-populated\">\n\t\t\t\t\t\t<div class=\"elementor-element elementor-element-c21fb13 elementor-widget elementor-widget-heading\" data-id=\"c21fb13\" data-element_type=\"widget\" data-widget_type=\"heading.default\">\n\t\t\t\t<div class=\"elementor-widget-container\">\n\t\t\t\t\t<h1 class=\"elementor-heading-title elementor-size-default\">Elservice &amp; fels\u00f6kning<\/h1>\t\t\t\t<\/div>\n\t\t\t\t<\/div>\n\t\t\t\t<div class=\"elementor-element elementor-element-b05553e elementor-widget elementor-widget-image\" data-id=\"b05553e\" data-element_type=\"widget\" data-widget_type=\"image.default\">\n\t\t\t\t<div class=\"elementor-widget-container\">\n\t\t\t\t\t\t\t\t\t\t\t\t\t\t\t<img fetchpriority=\"high\" decoding=\"async\" width=\"1536\" height=\"1024\" src=\"https:\/\/elektrikarngranna.se\/wp-content\/uploads\/2025\/05\/elinstallationer-Elektrikarn-Granna-1536x1024.jpg\" class=\"attachment-1536x1536 size-1536x1536 wp-image-1327\" alt=\"\" srcset=\"https:\/\/elektrikarngranna.se\/wp-content\/uploads\/2025\/05\/elinstallationer-Elektrikarn-Granna-1536x1024.jpg 1536w, https:\/\/elektrikarngranna.se\/wp-content\/uploads\/2025\/05\/elinstallationer-Elektrikarn-Granna-300x200.jpg 300w, https:\/\/elektrikarngranna.se\/wp-content\/uploads\/2025\/05\/elinstallationer-Elektrikarn-Granna-1024x683.jpg 1024w, https:\/\/elektrikarngranna.se\/wp-content\/uploads\/2025\/05\/elinstallationer-Elektrikarn-Granna-768x512.jpg 768w, https:\/\/elektrikarngranna.se\/wp-content\/uploads\/2025\/05\/elinstallationer-Elektrikarn-Granna-2048x1365.jpg 2048w, https:\/\/elektrikarngranna.se\/wp-content\/uploads\/2025\/05\/elinstallationer-Elektrikarn-Granna-600x400.jpg 600w\" sizes=\"(max-width: 1536px) 100vw, 1536px\" \/>\t\t\t\t\t\t\t\t\t\t\t\t\t\t\t<\/div>\n\t\t\t\t<\/div>\n\t\t\t\t\t<\/div>\n\t\t<\/div>\n\t\t\t\t\t<\/div>\n\t\t<\/section>\n\t\t\t\t<section class=\"elementor-section elementor-top-section elementor-element elementor-element-38308b2f elementor-section-boxed elementor-section-height-default elementor-section-height-default\" data-id=\"38308b2f\" data-element_type=\"section\">\n\t\t\t\t\t\t<div class=\"elementor-container elementor-column-gap-default\">\n\t\t\t\t\t<div class=\"elementor-column elementor-col-100 elementor-top-column elementor-element elementor-element-1393bf1c\" data-id=\"1393bf1c\" data-element_type=\"column\">\n\t\t\t<div class=\"elementor-widget-wrap elementor-element-populated\">\n\t\t\t\t\t\t<div class=\"elementor-element elementor-element-49a518ec elementor-widget elementor-widget-text-editor\" data-id=\"49a518ec\" data-element_type=\"widget\" data-widget_type=\"text-editor.default\">\n\t\t\t\t<div class=\"elementor-widget-container\">\n\t\t\t\t\t\t\t\t\t<p><strong data-start=\"1645\" data-end=\"1690\">N\u00e4r elen kr\u00e5nglar \u2013 vi \u00e4r snabbt p\u00e5 plats<\/strong><\/p><p><br data-start=\"1690\" data-end=\"1693\" \/>Elektriska fel kan vara frustrerande \u2013 men vi hj\u00e4lper dig snabbt och s\u00e4kert. Elektrikarn i Gr\u00e4nna erbjuder fels\u00f6kning, reparation och elservice f\u00f6r b\u00e5de privatpersoner och f\u00f6retag. Vi lokaliserar problemet, \u00e5tg\u00e4rdar felet och ser till att din elanl\u00e4ggning fungerar som den ska igen. Beh\u00f6ver du byta ett trasigt v\u00e4gguttag, har str\u00f6mmen g\u00e5tt eller blinkar belysningen utan orsak? Vi rycker ut i Gr\u00e4nna, Visings\u00f6, Huskvarna, J\u00f6nk\u00f6ping och runt omkring. Snabbt, professionellt och med full garanti p\u00e5 utf\u00f6rt arbete.<\/p>\t\t\t\t\t\t\t\t<\/div>\n\t\t\t\t<\/div>\n\t\t\t\t\t<\/div>\n\t\t<\/div>\n\t\t\t\t\t<\/div>\n\t\t<\/section>\n\t\t\t\t<section class=\"elementor-section elementor-top-section elementor-element elementor-element-623b4650 elementor-section-boxed elementor-section-height-default elementor-section-height-default\" data-id=\"623b4650\" data-element_type=\"section\">\n\t\t\t\t\t\t<div class=\"elementor-container elementor-column-gap-default\">\n\t\t\t\t\t<div class=\"elementor-column elementor-col-100 elementor-top-column elementor-element elementor-element-7804467c\" data-id=\"7804467c\" data-element_type=\"column\">\n\t\t\t<div class=\"elementor-widget-wrap elementor-element-populated\">\n\t\t\t\t\t\t<div class=\"elementor-element elementor-element-58ebb47 elementor-widget elementor-widget-heading\" data-id=\"58ebb47\" data-element_type=\"widget\" data-widget_type=\"heading.default\">\n\t\t\t\t<div class=\"elementor-widget-container\">\n\t\t\t\t\t<h2 class=\"elementor-heading-title elementor-size-default\">Kontakta din elektriker<\/h2>\t\t\t\t<\/div>\n\t\t\t\t<\/div>\n\t\t\t\t\t<\/div>\n\t\t<\/div>\n\t\t\t\t\t<\/div>\n\t\t<\/section>\n\t\t\t\t<section class=\"elementor-section elementor-top-section elementor-element elementor-element-2fe6395f elementor-section-boxed elementor-section-height-default elementor-section-height-default\" data-id=\"2fe6395f\" data-element_type=\"section\">\n\t\t\t\t\t\t<div class=\"elementor-container elementor-column-gap-default\">\n\t\t\t\t\t<div class=\"elementor-column elementor-col-100 elementor-top-column elementor-element elementor-element-53b968de\" data-id=\"53b968de\" data-element_type=\"column\">\n\t\t\t<div class=\"elementor-widget-wrap elementor-element-populated\">\n\t\t\t\t\t\t<div class=\"elementor-element elementor-element-3fc01844 elementor-widget elementor-widget-vt-windfall_team\" data-id=\"3fc01844\" data-element_type=\"widget\" data-settings=\"{&quot;team_column&quot;:&quot;col-3&quot;}\" data-widget_type=\"vt-windfall_team.default\">\n\t\t\t\t<div class=\"elementor-widget-container\">\n\t\t\t\t\t\t\t<div class=\"wndfal-team\">\n\t\t  <div class=\"container\">\n\t\t    <div class=\"row\">\n\t\t\t\t\t\t\t\t\t\t\t<div class=\"col-xl-4 col-sm-6\">\n\t\t\t        <div class=\"mate-item\">\n\t\t\t          \t\t\t\t        \t<div class=\"wndfal-image\"><a href=\"https:\/\/elektrikarngranna.se\/index.php\/vi%20som%20jobbar\/hannes-kjellberg\/\"><img decoding=\"async\" src=\"https:\/\/elektrikarngranna.se\/wp-content\/uploads\/2019\/04\/Skarmavbild-2025-05-02-kl.-14.46.50-353x220.png\" alt=\"Hannes Kjellberg\"><\/a><\/div>\n\t\t\t\t        \t\t\t          <div class=\"mate-info\">\n\t\t\t            <h6 class=\"mate-designation\">Elektriker<\/h6>\t\t\t            <h4 class=\"mate-name\"><a href=\"https:\/\/elektrikarngranna.se\/index.php\/vi%20som%20jobbar\/hannes-kjellberg\/\">Hannes Kjellberg<\/a><\/h4>\n\t\t\t            \t\t\t\t\t        \t<ul>\n\t\t\t                \t\t\t                  <li><i class=\"fa fa-phone\" aria-hidden=\"true\"><\/i><a href=\"tel:0733%2039%2080%2034\" target=\"_blank\">0733 39 80 34<\/a><\/li>\n\t\t\t                \t\t\t                  <li><i class=\"fa fa-envelope-o\" aria-hidden=\"true\"><\/i><a href=\"mailto:%20hannes@elektrikarngranna.se\" target=\"_blank\">hannes@elektrikarngranna.se<\/a><\/li>\n\t\t\t                \t\t\t            \t<\/ul>\n\t\t\t            \t\t\t            <div class=\"mate-meta\">\n\t\t\t              <div class=\"row align-items-center\">\n\t\t\t                <div class=\"col-6 social-title\">Meet me on:<\/div>\n\t\t\t                \t\t\t\t\t\t\t        \t<div class=\"col-6\">\n\t\t\t\t                  <div class=\"wndfal-social\">\n\t\t\t\t                    \t\t\t\t                    \t<a href=\"#0\"><i class=\"fa fa-facebook-square\"><\/i><\/a>\n\t\t\t\t\t                  \t\t\t\t                \t<\/div>\n\t\t\t                \t<\/div>\n\t\t\t                \t\t\t              <\/div>\n\t\t\t            <\/div>\n\t\t\t          <\/div>\n\t\t\t        <\/div>\n\t\t\t      <\/div>\n\t\t\t\t\t\t\t\t\t\t\t\t<div class=\"col-xl-4 col-sm-6\">\n\t\t\t        <div class=\"mate-item\">\n\t\t\t          \t\t\t\t        \t<div class=\"wndfal-image\"><a href=\"https:\/\/elektrikarngranna.se\/index.php\/vi%20som%20jobbar\/gustav-ekstrom\/\"><img decoding=\"async\" src=\"https:\/\/elektrikarngranna.se\/wp-content\/uploads\/2019\/04\/Skarmavbild-2025-05-02-kl.-14.46.50-353x220.png\" alt=\"Gustav Ekstr\u00f6m\"><\/a><\/div>\n\t\t\t\t        \t\t\t          <div class=\"mate-info\">\n\t\t\t            <h6 class=\"mate-designation\">Elektriker<\/h6>\t\t\t            <h4 class=\"mate-name\"><a href=\"https:\/\/elektrikarngranna.se\/index.php\/vi%20som%20jobbar\/gustav-ekstrom\/\">Gustav Ekstr\u00f6m<\/a><\/h4>\n\t\t\t            \t\t\t\t\t        \t<ul>\n\t\t\t                \t\t\t                  <li><i class=\"fa fa-phone\" aria-hidden=\"true\"><\/i><a href=\"tel:0733%2034%2081%2052\" target=\"_blank\">0733 34 81 52<\/a><\/li>\n\t\t\t                \t\t\t                  <li><i class=\"fa fa-envelope-o\" aria-hidden=\"true\"><\/i><a href=\"mailto:%20gustav@elektrikarngranna.se\" target=\"_blank\">gustav@elektrikarngranna.se<\/a><\/li>\n\t\t\t                \t\t\t            \t<\/ul>\n\t\t\t            \t\t\t            <div class=\"mate-meta\">\n\t\t\t              <div class=\"row align-items-center\">\n\t\t\t                <div class=\"col-6 social-title\">Meet me on:<\/div>\n\t\t\t                \t\t\t\t\t\t\t        \t<div class=\"col-6\">\n\t\t\t\t                  <div class=\"wndfal-social\">\n\t\t\t\t                    \t\t\t\t                    \t<a href=\"https:\/\/www.facebook.com\/profile.php?id=61573181971955\"><i class=\"fa fa-facebook-square\"><\/i><\/a>\n\t\t\t\t\t                  \t\t\t\t                    \t<a href=\"http:\/\/instagram.com\"><i class=\"fa fa-instagram\"><\/i><\/a>\n\t\t\t\t\t                  \t\t\t\t                \t<\/div>\n\t\t\t                \t<\/div>\n\t\t\t                \t\t\t              <\/div>\n\t\t\t            <\/div>\n\t\t\t          <\/div>\n\t\t\t        <\/div>\n\t\t\t      <\/div>\n\t\t\t\t\t\t\t\t  \t<\/div>\n\t\t  <\/div>\n\t\t<\/div> <!-- team End -->\n\t\t\t\t\t\t<\/div>\n\t\t\t\t<\/div>\n\t\t\t\t\t<\/div>\n\t\t<\/div>\n\t\t\t\t\t<\/div>\n\t\t<\/section>\n\t\t\t\t<section class=\"elementor-section elementor-top-section elementor-element elementor-element-6d2de839 elementor-section-boxed elementor-section-height-default elementor-section-height-default\" data-id=\"6d2de839\" data-element_type=\"section\">\n\t\t\t\t\t\t<div class=\"elementor-container elementor-column-gap-default\">\n\t\t\t\t\t<div class=\"elementor-column elementor-col-100 elementor-top-column elementor-element elementor-element-209f354d\" data-id=\"209f354d\" data-element_type=\"column\">\n\t\t\t<div class=\"elementor-widget-wrap elementor-element-populated\">\n\t\t\t\t\t\t<div class=\"elementor-element elementor-element-7525cff5 elementor-widget elementor-widget-vt-windfall_contact_form\" data-id=\"7525cff5\" data-element_type=\"widget\" data-widget_type=\"vt-windfall_contact_form.default\">\n\t\t\t\t<div class=\"elementor-widget-container\">\n\t\t\t\t\t<div class=\" wndfal-contact-form wndfal-form wndfal-cntat-form\"><h3 class=\"appointment-title\">Request a Free Quote<\/h3><p class=\"wpcf7-contact-form-not-found\"><strong>Fel:<\/strong> Kontaktformul\u00e4r hittades inte.<\/p><\/div>\t\t\t\t<\/div>\n\t\t\t\t<\/div>\n\t\t\t\t\t<\/div>\n\t\t<\/div>\n\t\t\t\t\t<\/div>\n\t\t<\/section>\n\t\t\t\t<\/div>\n\t\t","protected":false},"excerpt":{"rendered":"Elservice &#038; fels\u00f6kning N\u00e4r elen kr\u00e5nglar \u2013 vi \u00e4r snabbt p\u00e5 plats Elektriska fel kan vara frustrerande \u2013 men vi hj\u00e4lper dig snabbt och s\u00e4kert. Elektrikarn i Gr\u00e4nna erbjuder fels\u00f6kning, reparation och elservice f\u00f6r b\u00e5de privatpersoner och f\u00f6retag. Vi lokaliserar problemet, \u00e5tg\u00e4rdar felet och ser till att din elanl\u00e4ggning fungerar som den ska igen. Beh\u00f6ver&#8230;","protected":false},"author":1,"featured_media":0,"parent":0,"menu_order":0,"comment_status":"closed","ping_status":"closed","template":"","meta":{"iawp_total_views":34,"footnotes":""},"class_list":["post-1505","page","type-page","status-publish","hentry"],"_links":{"self":[{"href":"https:\/\/elektrikarngranna.se\/index.php\/wp-json\/wp\/v2\/pages\/1505","targetHints":{"allow":["GET"]}}],"collection":[{"href":"https:\/\/elektrikarngranna.se\/index.php\/wp-json\/wp\/v2\/pages"}],"about":[{"href":"https:\/\/elektrikarngranna.se\/index.php\/wp-json\/wp\/v2\/types\/page"}],"author":[{"embeddable":true,"href":"https:\/\/elektrikarngranna.se\/index.php\/wp-json\/wp\/v2\/users\/1"}],"replies":[{"embeddable":true,"href":"https:\/\/elektrikarngranna.se\/index.php\/wp-json\/wp\/v2\/comments?post=1505"}],"version-history":[{"count":10,"href":"https:\/\/elektrikarngranna.se\/index.php\/wp-json\/wp\/v2\/pages\/1505\/revisions"}],"predecessor-version":[{"id":2008,"href":"https:\/\/elektrikarngranna.se\/index.php\/wp-json\/wp\/v2\/pages\/1505\/revisions\/2008"}],"wp:attachment":[{"href":"https:\/\/elektrikarngranna.se\/index.php\/wp-json\/wp\/v2\/media?parent=1505"}],"curies":[{"name":"wp","href":"https:\/\/api.w.org\/{rel}","templated":true}]}}