{"id":1250,"date":"2019-04-02T07:36:09","date_gmt":"2019-04-02T07:36:09","guid":{"rendered":"https:\/\/victorthemes.com\/themes\/windfall\/?page_id=22"},"modified":"2025-05-23T09:55:59","modified_gmt":"2025-05-23T07:55:59","slug":"start","status":"publish","type":"page","link":"https:\/\/elektrikarngranna.se\/","title":{"rendered":"START"},"content":{"rendered":"\t\t<div data-elementor-type=\"wp-post\" data-elementor-id=\"1250\" class=\"elementor elementor-1250\">\n\t\t\t\t<div class=\"elementor-element elementor-element-5d016b4 e-con-full e-flex e-con e-parent\" data-id=\"5d016b4\" data-element_type=\"container\" data-settings=\"{&quot;animation_mobile&quot;:&quot;none&quot;}\">\n\t\t\t\t<div class=\"elementor-element elementor-element-b487163 elementor-widget elementor-widget-spacer\" data-id=\"b487163\" data-element_type=\"widget\" data-widget_type=\"spacer.default\">\n\t\t\t\t<div class=\"elementor-widget-container\">\n\t\t\t\t\t\t\t<div class=\"elementor-spacer\">\n\t\t\t<div class=\"elementor-spacer-inner\"><\/div>\n\t\t<\/div>\n\t\t\t\t\t\t<\/div>\n\t\t\t\t<\/div>\n\t\t\t\t<div class=\"elementor-element elementor-element-d3d5911 elementor-widget elementor-widget-vt-windfall_emergency\" data-id=\"d3d5911\" data-element_type=\"widget\" data-widget_type=\"vt-windfall_emergency.default\">\n\t\t\t\t<div class=\"elementor-widget-container\">\n\t\t\t\t\t<div class=\"wndfal-emergency \"><div class=\"container\"><h2 class=\"emergency-title\">V\u00e4lkommen till Elektrikarn i Gr\u00e4nna - Din elektriker <span>p\u00e5 Visings\u00f6, i Gr\u00e4nna, Huskvarna & J\u00f6nk\u00f6ping<\/span><\/h2><\/div><\/div>\t\t\t\t<\/div>\n\t\t\t\t<\/div>\n\t\t\t\t<\/div>\n\t\t<div class=\"elementor-element elementor-element-1b211d5 e-con-full e-flex e-con e-parent\" data-id=\"1b211d5\" data-element_type=\"container\">\n\t\t\t\t<div class=\"elementor-element elementor-element-44255c7 elementor-widget elementor-widget-spacer\" data-id=\"44255c7\" data-element_type=\"widget\" data-widget_type=\"spacer.default\">\n\t\t\t\t<div class=\"elementor-widget-container\">\n\t\t\t\t\t\t\t<div class=\"elementor-spacer\">\n\t\t\t<div class=\"elementor-spacer-inner\"><\/div>\n\t\t<\/div>\n\t\t\t\t\t\t<\/div>\n\t\t\t\t<\/div>\n\t\t\t\t<div class=\"elementor-element elementor-element-3f6eee4 elementor-widget elementor-widget-text-editor\" data-id=\"3f6eee4\" data-element_type=\"widget\" data-widget_type=\"text-editor.default\">\n\t\t\t\t<div class=\"elementor-widget-container\">\n\t\t\t\t\t\t\t\t\t<p data-start=\"401\" data-end=\"825\"><span style=\"color: #000000;\">V\u00e4lkommen till <strong data-start=\"416\" data-end=\"438\">Elektrikarn Gr\u00e4nna<\/strong> \u2013 din trygga, erfarna och lokala <strong data-start=\"472\" data-end=\"519\">elektriker i Gr\u00e4nna, Visings\u00f6 och J\u00f6nk\u00f6ping<\/strong> med omnejd. Vi erbjuder ett brett utbud av professionella <strong data-start=\"578\" data-end=\"592\">eltj\u00e4nster<\/strong>, alltid med h\u00f6g kvalitet, snabb service och fokus p\u00e5 s\u00e4kerhet. Oavsett om du \u00e4r privatperson, f\u00f6retagare eller fastighets\u00e4gare kan du lita p\u00e5 att vi levererar p\u00e5litliga <strong data-start=\"762\" data-end=\"782\">elinstallationer<\/strong> och <strong data-start=\"787\" data-end=\"800\">elservice<\/strong> som uppfyller alla krav.<\/span><\/p><p data-start=\"875\" data-end=\"1313\"><span style=\"color: #000000;\">Vi \u00e4r ett lokalt elf\u00f6retag med stark f\u00f6rankring i Gr\u00e4nna. Hos oss f\u00e5r du inte bara teknisk kompetens \u2013 du f\u00e5r en <strong data-start=\"988\" data-end=\"1015\">elektriker som bryr sig<\/strong>. Vi tar oss tid att lyssna p\u00e5 dina behov och skr\u00e4ddarsyr l\u00f6sningar som passar just ditt hem, din fastighet eller ditt f\u00f6retag. V\u00e5r n\u00e4rhet till b\u00e5de <strong data-start=\"1164\" data-end=\"1198\">Gr\u00e4nna, Visings\u00f6 och J\u00f6nk\u00f6ping<\/strong> g\u00f6r att vi snabbt kan rycka ut n\u00e4r du beh\u00f6ver hj\u00e4lp \u2013 oavsett om det g\u00e4ller akuta problem eller planerade projekt.<\/span><\/p><p><span style=\"color: #000000;\">Varmt v\u00e4komna att kontakta er lokala elektriker!\u00a0<\/span><\/p>\t\t\t\t\t\t\t\t<\/div>\n\t\t\t\t<\/div>\n\t\t\t\t<\/div>\n\t\t\t\t<section class=\"elementor-section elementor-top-section elementor-element elementor-element-5f78c12 elementor-section-content-middle elementor-section-boxed elementor-section-height-default elementor-section-height-default\" data-id=\"5f78c12\" data-element_type=\"section\" data-settings=\"{&quot;background_background&quot;:&quot;classic&quot;}\">\n\t\t\t\t\t\t<div class=\"elementor-container elementor-column-gap-default\">\n\t\t\t\t\t<div class=\"elementor-column elementor-col-33 elementor-top-column elementor-element elementor-element-bab2065\" data-id=\"bab2065\" data-element_type=\"column\">\n\t\t\t<div class=\"elementor-widget-wrap elementor-element-populated\">\n\t\t\t\t\t\t<div class=\"elementor-element elementor-element-187b43f elementor-widget elementor-widget-vt-windfall_industries\" data-id=\"187b43f\" data-element_type=\"widget\" data-widget_type=\"vt-windfall_industries.default\">\n\t\t\t\t<div class=\"elementor-widget-container\">\n\t\t\t\t\t<div class=\"wndfal-industries\">\r\n\t\t\t\t\t\t\t  <div class=\"industry-item  center-align\">\r\n\t\t\t\t\t\t\t    <div class=\"wndfal-image\">\r\n\t\t\t\t\t\t\t      <img decoding=\"async\" src=\"https:\/\/elektrikarngranna.se\/wp-content\/uploads\/2025\/05\/elinstallationer-Elektrikarn-Granna-scaled.jpg\" alt=\"\">\r\n\t\t\t\t\t\t\t      <div class=\"industry-info-wrap\">\r\n\t\t\t\t\t\t\t        <div class=\"wndfal-table-wrap\">\r\n\t\t\t\t\t\t\t          <div class=\"wndfal-align-wrap\">\r\n\t\t\t\t\t\t\t            <div class=\"wndfal-icon\">\r\n\t\t\t\t\t\t\t              <img decoding=\"async\" src=\"\" alt=\"\" width=\"29\">\r\n\t\t\t\t\t\t\t            <\/div>\r\n\t\t\t\t\t\t\t            <div class=\"industry-info\">\r\n\t\t\t\t\t\t\t              <h3 class=\"industry-title\"><a href=\"#0\">Elinstallationer<\/a><\/h3>\r\n\t\t\t\t\t\t\t              <div class=\"industry-info-inner\">\r\n\t\t\t\t\t\t\t                <p>Hos Elektrikarn i Gr\u00e4nna erbjuder vi kompletta elinstallationer \u2013 fr\u00e5n sm\u00e5 justeringar i villan till fullst\u00e4ndiga eldragningar i nyproducerade bost\u00e4der och lokaler.<\/p>\r\n\t\t\t\t\t\t\t                <a href=\"https:\/\/elektrikarngranna.se\/index.php\/elinstallationer\/\"   class=\"wndfal-link\">L\u00e4s mer<i class=\"fa fa-angle-right\" aria-hidden=\"true\"><\/i><\/a>\r\n\t\t\t\t\t\t\t              <\/div>\r\n\t\t\t\t\t\t\t            <\/div>\r\n\t\t\t\t\t\t\t          <\/div>\r\n\t\t\t\t\t\t\t        <\/div>\r\n\t\t\t\t\t\t\t      <\/div>\r\n\t\t\t\t\t\t\t    <\/div>\r\n\t\t\t\t\t\t\t  <\/div>\r\n\t\t\t\t\t\t\t<\/div>\t\t\t\t<\/div>\n\t\t\t\t<\/div>\n\t\t\t\t<div class=\"elementor-element elementor-element-7a13257 elementor-widget elementor-widget-vt-windfall_industries\" data-id=\"7a13257\" data-element_type=\"widget\" data-widget_type=\"vt-windfall_industries.default\">\n\t\t\t\t<div class=\"elementor-widget-container\">\n\t\t\t\t\t<div class=\"wndfal-industries\">\r\n\t\t\t\t\t\t\t  <div class=\"industry-item  center-align\">\r\n\t\t\t\t\t\t\t    <div class=\"wndfal-image\">\r\n\t\t\t\t\t\t\t      <img decoding=\"async\" src=\"https:\/\/elektrikarngranna.se\/wp-content\/uploads\/2025\/05\/Belysning-Elektrikarn-Granna-Tjanster.jpg\" alt=\"\">\r\n\t\t\t\t\t\t\t      <div class=\"industry-info-wrap\">\r\n\t\t\t\t\t\t\t        <div class=\"wndfal-table-wrap\">\r\n\t\t\t\t\t\t\t          <div class=\"wndfal-align-wrap\">\r\n\t\t\t\t\t\t\t            <div class=\"wndfal-icon\">\r\n\t\t\t\t\t\t\t              <img decoding=\"async\" src=\"\" alt=\"\" width=\"29\">\r\n\t\t\t\t\t\t\t            <\/div>\r\n\t\t\t\t\t\t\t            <div class=\"industry-info\">\r\n\t\t\t\t\t\t\t              <h3 class=\"industry-title\"><a href=\"#0\">Belysning<\/a><\/h3>\r\n\t\t\t\t\t\t\t              <div class=\"industry-info-inner\">\r\n\t\t\t\t\t\t\t                <p>R\u00e4tt belysning lyfter b\u00e5de rum och fasader \u2013 och hos Elektrikarn i Gr\u00e4nna hj\u00e4lper vi dig att skapa exakt det ljus du beh\u00f6ver<\/p>\r\n\t\t\t\t\t\t\t                <a href=\"https:\/\/elektrikarngranna.se\/index.php\/belysning\/\"   class=\"wndfal-link\">L\u00e4s mer<i class=\"fa fa-angle-right\" aria-hidden=\"true\"><\/i><\/a>\r\n\t\t\t\t\t\t\t              <\/div>\r\n\t\t\t\t\t\t\t            <\/div>\r\n\t\t\t\t\t\t\t          <\/div>\r\n\t\t\t\t\t\t\t        <\/div>\r\n\t\t\t\t\t\t\t      <\/div>\r\n\t\t\t\t\t\t\t    <\/div>\r\n\t\t\t\t\t\t\t  <\/div>\r\n\t\t\t\t\t\t\t<\/div>\t\t\t\t<\/div>\n\t\t\t\t<\/div>\n\t\t\t\t\t<\/div>\n\t\t<\/div>\n\t\t\t\t<div class=\"elementor-column elementor-col-33 elementor-top-column elementor-element elementor-element-228a00d\" data-id=\"228a00d\" data-element_type=\"column\">\n\t\t\t<div class=\"elementor-widget-wrap elementor-element-populated\">\n\t\t\t\t\t\t<div class=\"elementor-element elementor-element-66534ca elementor-widget elementor-widget-vt-windfall_industries\" data-id=\"66534ca\" data-element_type=\"widget\" data-widget_type=\"vt-windfall_industries.default\">\n\t\t\t\t<div class=\"elementor-widget-container\">\n\t\t\t\t\t<div class=\"wndfal-industries\">\r\n\t\t\t\t\t\t\t  <div class=\"industry-item  center-align\">\r\n\t\t\t\t\t\t\t    <div class=\"wndfal-image\">\r\n\t\t\t\t\t\t\t      <img decoding=\"async\" src=\"https:\/\/elektrikarngranna.se\/wp-content\/uploads\/2025\/05\/Skarmavbild-2025-05-02-kl.-14.46.43.png\" alt=\"\">\r\n\t\t\t\t\t\t\t      <div class=\"industry-info-wrap\">\r\n\t\t\t\t\t\t\t        <div class=\"wndfal-table-wrap\">\r\n\t\t\t\t\t\t\t          <div class=\"wndfal-align-wrap\">\r\n\t\t\t\t\t\t\t            <div class=\"wndfal-icon\">\r\n\t\t\t\t\t\t\t              <img decoding=\"async\" src=\"\" alt=\"\" width=\"29\">\r\n\t\t\t\t\t\t\t            <\/div>\r\n\t\t\t\t\t\t\t            <div class=\"industry-info\">\r\n\t\t\t\t\t\t\t              <h3 class=\"industry-title\"><a href=\"#0\">Elservice & Fels\u00f6kning<\/a><\/h3>\r\n\t\t\t\t\t\t\t              <div class=\"industry-info-inner\">\r\n\t\t\t\t\t\t\t                <p>Elektriska fel kan vara frustrerande \u2013 men vi hj\u00e4lper dig snabbt och s\u00e4kert. Elektrikarn i Gr\u00e4nna erbjuder fels\u00f6kning, reparation och elservice f\u00f6r b\u00e5de privatpersoner och f\u00f6retag<\/p>\r\n\t\t\t\t\t\t\t                <a href=\"https:\/\/elektrikarngranna.se\/index.php\/elservice-felsokning\/\"   class=\"wndfal-link\">L\u00e4s mer<i class=\"fa fa-angle-right\" aria-hidden=\"true\"><\/i><\/a>\r\n\t\t\t\t\t\t\t              <\/div>\r\n\t\t\t\t\t\t\t            <\/div>\r\n\t\t\t\t\t\t\t          <\/div>\r\n\t\t\t\t\t\t\t        <\/div>\r\n\t\t\t\t\t\t\t      <\/div>\r\n\t\t\t\t\t\t\t    <\/div>\r\n\t\t\t\t\t\t\t  <\/div>\r\n\t\t\t\t\t\t\t<\/div>\t\t\t\t<\/div>\n\t\t\t\t<\/div>\n\t\t\t\t<div class=\"elementor-element elementor-element-e64dc69 elementor-widget elementor-widget-vt-windfall_industries\" data-id=\"e64dc69\" data-element_type=\"widget\" data-widget_type=\"vt-windfall_industries.default\">\n\t\t\t\t<div class=\"elementor-widget-container\">\n\t\t\t\t\t<div class=\"wndfal-industries\">\r\n\t\t\t\t\t\t\t  <div class=\"industry-item  center-align\">\r\n\t\t\t\t\t\t\t    <div class=\"wndfal-image\">\r\n\t\t\t\t\t\t\t      <img decoding=\"async\" src=\"https:\/\/elektrikarngranna.se\/wp-content\/uploads\/2025\/05\/Renovering-Ombyggnationer-Elektrikarn-Granna.jpg\" alt=\"\">\r\n\t\t\t\t\t\t\t      <div class=\"industry-info-wrap\">\r\n\t\t\t\t\t\t\t        <div class=\"wndfal-table-wrap\">\r\n\t\t\t\t\t\t\t          <div class=\"wndfal-align-wrap\">\r\n\t\t\t\t\t\t\t            <div class=\"wndfal-icon\">\r\n\t\t\t\t\t\t\t              <img decoding=\"async\" src=\"\" alt=\"\" width=\"29\">\r\n\t\t\t\t\t\t\t            <\/div>\r\n\t\t\t\t\t\t\t            <div class=\"industry-info\">\r\n\t\t\t\t\t\t\t              <h3 class=\"industry-title\"><a href=\"#0\">Renovering & Ombyggnad<\/a><\/h3>\r\n\t\t\t\t\t\t\t              <div class=\"industry-info-inner\">\r\n\t\t\t\t\t\t\t                <p>N\u00e4r du bygger om hemma \u2013 oavsett om det g\u00e4ller k\u00f6ket, badrummet eller hela huset \u2013 \u00e4r det viktigt att elen anpassas till dina nya behov.<\/p>\r\n\t\t\t\t\t\t\t                <a href=\"https:\/\/elektrikarngranna.se\/index.php\/renovering-ombyggnad\/\"   class=\"wndfal-link\">L\u00e4s mer<i class=\"fa fa-angle-right\" aria-hidden=\"true\"><\/i><\/a>\r\n\t\t\t\t\t\t\t              <\/div>\r\n\t\t\t\t\t\t\t            <\/div>\r\n\t\t\t\t\t\t\t          <\/div>\r\n\t\t\t\t\t\t\t        <\/div>\r\n\t\t\t\t\t\t\t      <\/div>\r\n\t\t\t\t\t\t\t    <\/div>\r\n\t\t\t\t\t\t\t  <\/div>\r\n\t\t\t\t\t\t\t<\/div>\t\t\t\t<\/div>\n\t\t\t\t<\/div>\n\t\t\t\t\t<\/div>\n\t\t<\/div>\n\t\t\t\t<div class=\"elementor-column elementor-col-33 elementor-top-column elementor-element elementor-element-4e66c07\" data-id=\"4e66c07\" data-element_type=\"column\">\n\t\t\t<div class=\"elementor-widget-wrap elementor-element-populated\">\n\t\t\t\t\t\t<div class=\"elementor-element elementor-element-ad14164 elementor-widget elementor-widget-vt-windfall_industries\" data-id=\"ad14164\" data-element_type=\"widget\" data-widget_type=\"vt-windfall_industries.default\">\n\t\t\t\t<div class=\"elementor-widget-container\">\n\t\t\t\t\t<div class=\"wndfal-industries\">\r\n\t\t\t\t\t\t\t  <div class=\"industry-item  center-align\">\r\n\t\t\t\t\t\t\t    <div class=\"wndfal-image\">\r\n\t\t\t\t\t\t\t      <img decoding=\"async\" src=\"https:\/\/elektrikarngranna.se\/wp-content\/uploads\/2025\/05\/Laddboxar-installation-Elektrikarn-Granna-scaled.jpg\" alt=\"\">\r\n\t\t\t\t\t\t\t      <div class=\"industry-info-wrap\">\r\n\t\t\t\t\t\t\t        <div class=\"wndfal-table-wrap\">\r\n\t\t\t\t\t\t\t          <div class=\"wndfal-align-wrap\">\r\n\t\t\t\t\t\t\t            <div class=\"wndfal-icon\">\r\n\t\t\t\t\t\t\t              <img decoding=\"async\" src=\"\" alt=\"\" width=\"29\">\r\n\t\t\t\t\t\t\t            <\/div>\r\n\t\t\t\t\t\t\t            <div class=\"industry-info\">\r\n\t\t\t\t\t\t\t              <h3 class=\"industry-title\"><a href=\"#0\">Laddboxar \/ Elbilsladdning<\/a><\/h3>\r\n\t\t\t\t\t\t\t              <div class=\"industry-info-inner\">\r\n\t\t\t\t\t\t\t                <p>Allt fler v\u00e4ljer elbil, och med en egen laddbox hemma blir laddningen b\u00e5de snabbare och s\u00e4krare. Vi installerar laddboxar f\u00f6r privatpersoner, bostadsr\u00e4ttsf\u00f6reningar och f\u00f6retag.<\/p>\r\n\t\t\t\t\t\t\t                <a href=\"https:\/\/elektrikarngranna.se\/index.php\/laddboxar\/\"   class=\"wndfal-link\">L\u00e4s mer<i class=\"fa fa-angle-right\" aria-hidden=\"true\"><\/i><\/a>\r\n\t\t\t\t\t\t\t              <\/div>\r\n\t\t\t\t\t\t\t            <\/div>\r\n\t\t\t\t\t\t\t          <\/div>\r\n\t\t\t\t\t\t\t        <\/div>\r\n\t\t\t\t\t\t\t      <\/div>\r\n\t\t\t\t\t\t\t    <\/div>\r\n\t\t\t\t\t\t\t  <\/div>\r\n\t\t\t\t\t\t\t<\/div>\t\t\t\t<\/div>\n\t\t\t\t<\/div>\n\t\t\t\t<div class=\"elementor-element elementor-element-82bbe48 elementor-widget elementor-widget-vt-windfall_industries\" data-id=\"82bbe48\" data-element_type=\"widget\" data-widget_type=\"vt-windfall_industries.default\">\n\t\t\t\t<div class=\"elementor-widget-container\">\n\t\t\t\t\t<div class=\"wndfal-industries\">\r\n\t\t\t\t\t\t\t  <div class=\"industry-item  center-align\">\r\n\t\t\t\t\t\t\t    <div class=\"wndfal-image\">\r\n\t\t\t\t\t\t\t      <img decoding=\"async\" src=\"https:\/\/elektrikarngranna.se\/wp-content\/uploads\/2025\/05\/Solceller-Elektrikarn-Granna.jpg\" alt=\"Solceller Elektrikarn i Gr\u00e4nna\">\r\n\t\t\t\t\t\t\t      <div class=\"industry-info-wrap\">\r\n\t\t\t\t\t\t\t        <div class=\"wndfal-table-wrap\">\r\n\t\t\t\t\t\t\t          <div class=\"wndfal-align-wrap\">\r\n\t\t\t\t\t\t\t            <div class=\"wndfal-icon\">\r\n\t\t\t\t\t\t\t              <img decoding=\"async\" src=\"\" alt=\"\" width=\"29\">\r\n\t\t\t\t\t\t\t            <\/div>\r\n\t\t\t\t\t\t\t            <div class=\"industry-info\">\r\n\t\t\t\t\t\t\t              <h3 class=\"industry-title\"><a href=\"#0\">Solceller & energil\u00f6sningar<\/a><\/h3>\r\n\t\t\t\t\t\t\t              <div class=\"industry-info-inner\">\r\n\t\t\t\t\t\t\t                <p>Planerar du att installera solceller? Elektrikarn i Gr\u00e4nna hj\u00e4lper dig med eldragning, inkoppling och anpassning av din elanl\u00e4ggning.<\/p>\r\n\t\t\t\t\t\t\t                <a href=\"https:\/\/elektrikarngranna.se\/index.php\/solceller-energilosningar\/\"   class=\"wndfal-link\">L\u00e4s mer<i class=\"fa fa-angle-right\" aria-hidden=\"true\"><\/i><\/a>\r\n\t\t\t\t\t\t\t              <\/div>\r\n\t\t\t\t\t\t\t            <\/div>\r\n\t\t\t\t\t\t\t          <\/div>\r\n\t\t\t\t\t\t\t        <\/div>\r\n\t\t\t\t\t\t\t      <\/div>\r\n\t\t\t\t\t\t\t    <\/div>\r\n\t\t\t\t\t\t\t  <\/div>\r\n\t\t\t\t\t\t\t<\/div>\t\t\t\t<\/div>\n\t\t\t\t<\/div>\n\t\t\t\t\t<\/div>\n\t\t<\/div>\n\t\t\t\t\t<\/div>\n\t\t<\/section>\n\t\t<div class=\"elementor-element elementor-element-088b34c e-flex e-con-boxed e-con e-parent\" data-id=\"088b34c\" data-element_type=\"container\">\n\t\t\t\t\t<div class=\"e-con-inner\">\n\t\t\t\t<div class=\"elementor-element elementor-element-e9bad7d elementor-widget elementor-widget-spacer\" data-id=\"e9bad7d\" data-element_type=\"widget\" data-widget_type=\"spacer.default\">\n\t\t\t\t<div class=\"elementor-widget-container\">\n\t\t\t\t\t\t\t<div class=\"elementor-spacer\">\n\t\t\t<div class=\"elementor-spacer-inner\"><\/div>\n\t\t<\/div>\n\t\t\t\t\t\t<\/div>\n\t\t\t\t<\/div>\n\t\t\t\t\t<\/div>\n\t\t\t\t<\/div>\n\t\t<div class=\"elementor-element elementor-element-8dbde89 e-con-full e-flex e-con e-parent\" data-id=\"8dbde89\" data-element_type=\"container\">\n\t\t\t\t<div class=\"elementor-element elementor-element-eab06a8 elementor-invisible elementor-widget elementor-widget-vt-windfall_client\" data-id=\"eab06a8\" data-element_type=\"widget\" data-settings=\"{&quot;_animation&quot;:&quot;fadeInLeft&quot;}\" data-widget_type=\"vt-windfall_client.default\">\n\t\t\t\t<div class=\"elementor-widget-container\">\n\t\t\t\t\t<div class=\"wndfal-partners\">\n\t\t\t\t\t\t\t  <div class=\"container\">\n\t\t\t\t\t\t\t    \n\t\t\t\t\t\t\t    <div class=\"owl-carousel\"  data-loop=\"false\" data-items=\"8\" data-margin=\"30\" data-dots=\"false\" data-nav=\"false\" data-autoplay-timeout=\"4977\" data-mouse-drag=\"true\" data-items-tablet=\"3\" data-items-mobile-landscape=\"2\" data-items-mobile-portrait=\"1\" data-rtl=\"false\"><div class=\"item\"><div class=\"partner-item\"><div class=\"wndfal-image\"><span><img decoding=\"async\" src=\"https:\/\/elektrikarngranna.se\/wp-content\/uploads\/2019\/04\/icon8@2x.png\" alt=\"Item #1\" style=\"width: 62px; height: 69px;\"><\/span><\/div><\/div><\/div><div class=\"item\"><div class=\"partner-item\"><div class=\"wndfal-image\"><span><img decoding=\"async\" src=\"https:\/\/elektrikarngranna.se\/wp-content\/uploads\/2019\/04\/icon7@2x.png\" alt=\"\" style=\"width: 62px; height: 69px;\"><\/span><\/div><\/div><\/div><div class=\"item\"><div class=\"partner-item\"><div class=\"wndfal-image\"><span><img decoding=\"async\" src=\"https:\/\/elektrikarngranna.se\/wp-content\/uploads\/2019\/04\/icon7@2x.png\" alt=\"\" style=\"width: 62px; height: 69px;\"><\/span><\/div><\/div><\/div><div class=\"item\"><div class=\"partner-item\"><div class=\"wndfal-image\"><span><img decoding=\"async\" src=\"https:\/\/elektrikarngranna.se\/wp-content\/uploads\/2019\/04\/icon8@2x.png\" alt=\"\" style=\"width: 62px; height: 69px;\"><\/span><\/div><\/div><\/div><div class=\"item\"><div class=\"partner-item\"><div class=\"wndfal-image\"><span><img decoding=\"async\" src=\"https:\/\/elektrikarngranna.se\/wp-content\/uploads\/2019\/04\/icon8@2x.png\" alt=\"\" style=\"width: 62px; height: 69px;\"><\/span><\/div><\/div><\/div><div class=\"item\"><div class=\"partner-item\"><div class=\"wndfal-image\"><span><img decoding=\"async\" src=\"https:\/\/elektrikarngranna.se\/wp-content\/uploads\/2019\/04\/icon7@2x.png\" alt=\"\" style=\"width: 62px; height: 69px;\"><\/span><\/div><\/div><\/div><div class=\"item\"><div class=\"partner-item\"><div class=\"wndfal-image\"><span><img decoding=\"async\" src=\"https:\/\/elektrikarngranna.se\/wp-content\/uploads\/2019\/04\/icon8@2x.png\" alt=\"\" style=\"width: 62px; height: 69px;\"><\/span><\/div><\/div><\/div><div class=\"item\"><div class=\"partner-item\"><div class=\"wndfal-image\"><span><img decoding=\"async\" src=\"https:\/\/elektrikarngranna.se\/wp-content\/uploads\/2019\/04\/icon8@2x.png\" alt=\"\" style=\"width: 62px; height: 69px;\"><\/span><\/div><\/div><\/div><\/div><\/div><\/div>\t\t\t\t<\/div>\n\t\t\t\t<\/div>\n\t\t\t\t<\/div>\n\t\t<div class=\"elementor-element elementor-element-8bd8f1e e-con-full e-flex e-con e-parent\" data-id=\"8bd8f1e\" data-element_type=\"container\">\n\t\t\t\t<div class=\"elementor-element elementor-element-7172428 elementor-widget elementor-widget-spacer\" data-id=\"7172428\" data-element_type=\"widget\" data-widget_type=\"spacer.default\">\n\t\t\t\t<div class=\"elementor-widget-container\">\n\t\t\t\t\t\t\t<div class=\"elementor-spacer\">\n\t\t\t<div class=\"elementor-spacer-inner\"><\/div>\n\t\t<\/div>\n\t\t\t\t\t\t<\/div>\n\t\t\t\t<\/div>\n\t\t\t\t<div class=\"elementor-element elementor-element-650d572 elementor-widget elementor-widget-vt-windfall_emergency\" data-id=\"650d572\" data-element_type=\"widget\" data-widget_type=\"vt-windfall_emergency.default\">\n\t\t\t\t<div class=\"elementor-widget-container\">\n\t\t\t\t\t<div class=\"wndfal-emergency \"><div class=\"container\"><h2 class=\"emergency-title\">Certifierad kompetens och r\u00e4tt beh\u00f6righet \u2013 vi s\u00e4kerst\u00e4ller att allt utf\u00f6rs enligt g\u00e4llande standard<span><\/span><\/h2><\/div><\/div>\t\t\t\t<\/div>\n\t\t\t\t<\/div>\n\t\t\t\t<\/div>\n\t\t<div class=\"elementor-element elementor-element-2d1a0cd e-con-full e-flex e-con e-parent\" data-id=\"2d1a0cd\" data-element_type=\"container\">\n\t\t\t\t<div class=\"elementor-element elementor-element-1fe88c0 elementor-widget-divider--view-line elementor-widget elementor-widget-divider\" data-id=\"1fe88c0\" data-element_type=\"widget\" data-widget_type=\"divider.default\">\n\t\t\t\t<div class=\"elementor-widget-container\">\n\t\t\t\t\t\t\t<div class=\"elementor-divider\">\n\t\t\t<span class=\"elementor-divider-separator\">\n\t\t\t\t\t\t<\/span>\n\t\t<\/div>\n\t\t\t\t\t\t<\/div>\n\t\t\t\t<\/div>\n\t\t\t\t<\/div>\n\t\t<div class=\"elementor-element elementor-element-4ee48d1 e-flex e-con-boxed e-con e-parent\" data-id=\"4ee48d1\" data-element_type=\"container\">\n\t\t\t\t\t<div class=\"e-con-inner\">\n\t\t\t\t<div class=\"elementor-element elementor-element-41501ef elementor-widget elementor-widget-spacer\" data-id=\"41501ef\" data-element_type=\"widget\" data-widget_type=\"spacer.default\">\n\t\t\t\t<div class=\"elementor-widget-container\">\n\t\t\t\t\t\t\t<div class=\"elementor-spacer\">\n\t\t\t<div class=\"elementor-spacer-inner\"><\/div>\n\t\t<\/div>\n\t\t\t\t\t\t<\/div>\n\t\t\t\t<\/div>\n\t\t\t\t\t<\/div>\n\t\t\t\t<\/div>\n\t\t\t\t<\/div>\n\t\t","protected":false},"excerpt":{"rendered":"V\u00e4lkommen till Elektrikarn i Gr\u00e4nna &#8211; Din elektriker p\u00e5 Visings\u00f6, i Gr\u00e4nna, Huskvarna &#038; J\u00f6nk\u00f6ping V\u00e4lkommen till Elektrikarn Gr\u00e4nna \u2013 din trygga, erfarna och lokala elektriker i Gr\u00e4nna, Visings\u00f6 och J\u00f6nk\u00f6ping med omnejd. Vi erbjuder ett brett utbud av professionella eltj\u00e4nster, alltid med h\u00f6g kvalitet, snabb service och fokus p\u00e5 s\u00e4kerhet. Oavsett om du \u00e4r&#8230;","protected":false},"author":1,"featured_media":0,"parent":0,"menu_order":0,"comment_status":"closed","ping_status":"closed","template":"","meta":{"iawp_total_views":963,"footnotes":""},"class_list":["post-1250","page","type-page","status-publish","hentry"],"_links":{"self":[{"href":"https:\/\/elektrikarngranna.se\/index.php\/wp-json\/wp\/v2\/pages\/1250","targetHints":{"allow":["GET"]}}],"collection":[{"href":"https:\/\/elektrikarngranna.se\/index.php\/wp-json\/wp\/v2\/pages"}],"about":[{"href":"https:\/\/elektrikarngranna.se\/index.php\/wp-json\/wp\/v2\/types\/page"}],"author":[{"embeddable":true,"href":"https:\/\/elektrikarngranna.se\/index.php\/wp-json\/wp\/v2\/users\/1"}],"replies":[{"embeddable":true,"href":"https:\/\/elektrikarngranna.se\/index.php\/wp-json\/wp\/v2\/comments?post=1250"}],"version-history":[{"count":449,"href":"https:\/\/elektrikarngranna.se\/index.php\/wp-json\/wp\/v2\/pages\/1250\/revisions"}],"predecessor-version":[{"id":2370,"href":"https:\/\/elektrikarngranna.se\/index.php\/wp-json\/wp\/v2\/pages\/1250\/revisions\/2370"}],"wp:attachment":[{"href":"https:\/\/elektrikarngranna.se\/index.php\/wp-json\/wp\/v2\/media?parent=1250"}],"curies":[{"name":"wp","href":"https:\/\/api.w.org\/{rel}","templated":true}]}}